{"id":12046,"date":"2019-01-30T20:57:13","date_gmt":"2019-01-31T01:57:13","guid":{"rendered":"https:\/\/relais-communautaire.org\/page\/?page_id=12046"},"modified":"2022-10-26T09:04:56","modified_gmt":"2022-10-26T13:04:56","slug":"dons-et-ramassage-darticles","status":"publish","type":"page","link":"https:\/\/relais-communautaire.org\/page\/carrefour-des-aubaines\/dons-et-ramassage-darticles\/","title":{"rendered":"Dons et Ramassage d&#8217;Articles"},"content":{"rendered":"<div class=\"vc_row wpb_row vc_row-fluid\"><div class=\"wpb_column vc_column_container vc_col-sm-12\"><div class=\"vc_column-inner \"><div class=\"wpb_wrapper\"><div class='dt-sc-title with-right-border-decor '><h2>Dons d\u2019articles pour le Carrefour des Aubaines<\/h2><p><\/p><\/div>\n\t<div class=\"wpb_text_column wpb_content_element \" >\n\t\t<div class=\"wpb_wrapper\">\n\t\t\t<p>Gr\u00e2ce \u00e0 vos dons, vous contribuez \u00e0 soutenir la mission du Relais Communautaire de Laval et \u00e0 aider des personnes vuln\u00e9rables \u00e0 avoir acc\u00e8s \u00e0 des articles de qualit\u00e9 tout en r\u00e9duisant leur fardeau financier li\u00e9 \u00e0 l&#8217;achat de biens de base. Sachez que nous ne r\u00e9cup\u00e9rons que les articles en bonne condition afin d&#8217;offrir \u00e0 nos membres des articles digne de leur \u00eatre offert.<\/p>\n<p>Merci de penser au Carrefour des Aubaines pour vous d\u00e9faire de vos biens inutilis\u00e9s!<\/p>\n<p><strong>Dons de v\u00eatements et de petites articles<\/strong><\/p>\n<p>Si vous souhaitez faire un don de v\u00eatements ou de petits articles, veuillez SVP les d\u00e9poser directement au Carrefour des Aubaines (<em>111 Boulevard des Laurentides, Laval, QC H7G 2T2<\/em>) ou pr\u00e8s de la cloche \u00e0 l&#8217;entr\u00e9e principale du Relais (stationnement c\u00f4t\u00e9 nord).<\/p>\n<p><strong>Collecte de gros articles<\/strong><\/p>\n<p>Si vous souhaitez planifier une collecte pour un article gros ou encombrant, veuillez remplir le formulaire ci-dessous.<\/p>\n\n\t\t<\/div>\n\t<\/div>\n<\/div><\/div><\/div><\/div><div class=\"vc_row wpb_row vc_row-fluid\"><div class=\"wpb_column vc_column_container vc_col-sm-12\"><div class=\"vc_column-inner \"><div class=\"wpb_wrapper\"><div class='dt-sc-title with-right-border-decor '><h2>Planifier une collecte de gros articles<\/h2><p><\/p><\/div><\/div><\/div><\/div><\/div><div class=\"vc_row wpb_row vc_row-fluid\"><div class=\"wpb_column vc_column_container vc_col-sm-6\"><div class=\"vc_column-inner \"><div class=\"wpb_wrapper\">\n\t<div class=\"wpb_text_column wpb_content_element \" >\n\t\t<div class=\"wpb_wrapper\">\n\t\t\t\n<div class=\"wpcf7 no-js\" id=\"wpcf7-f12026-o1\" lang=\"es-CO\" dir=\"ltr\" data-wpcf7-id=\"12026\">\n<div class=\"screen-reader-response\"><p role=\"status\" aria-live=\"polite\" aria-atomic=\"true\"><\/p> <ul><\/ul><\/div>\n<form action=\"\/page\/wp-json\/wp\/v2\/pages\/12046#wpcf7-f12026-o1\" method=\"post\" class=\"wpcf7-form init\" aria-label=\"Formulario de contacto\" enctype=\"multipart\/form-data\" novalidate=\"novalidate\" data-status=\"init\">\n<fieldset class=\"hidden-fields-container\"><input type=\"hidden\" name=\"_wpcf7\" value=\"12026\" \/><input type=\"hidden\" name=\"_wpcf7_version\" value=\"6.1.5\" \/><input type=\"hidden\" name=\"_wpcf7_locale\" value=\"es_CO\" \/><input type=\"hidden\" name=\"_wpcf7_unit_tag\" value=\"wpcf7-f12026-o1\" \/><input type=\"hidden\" name=\"_wpcf7_container_post\" value=\"0\" \/><input type=\"hidden\" name=\"_wpcf7_posted_data_hash\" value=\"\" \/>\n<\/fieldset>\n<p><label> Votre nom (*) <span class=\"wpcf7-form-control-wrap\" data-name=\"your-name\"><input size=\"40\" maxlength=\"400\" class=\"wpcf7-form-control wpcf7-text wpcf7-validates-as-required\" aria-required=\"true\" aria-invalid=\"false\" value=\"\" type=\"text\" name=\"your-name\" \/><\/span> <\/label><br \/>\n<\/p>\n<li>\n\t<p><label> Votre t\u00e9l\u00e9phone (*) <span class=\"wpcf7-form-control-wrap\" data-name=\"Tlphone\"><input size=\"40\" maxlength=\"400\" class=\"wpcf7-form-control wpcf7-tel wpcf7-validates-as-required wpcf7-text wpcf7-validates-as-tel\" aria-required=\"true\" aria-invalid=\"false\" value=\"\" type=\"tel\" name=\"Tlphone\" \/><\/span> <\/label>\n\t<\/p>\n<\/li>\n<li>\n\t<p><label> Adresse de collecte (*)<span class=\"wpcf7-form-control-wrap\" data-name=\"adressecollecte\"><input size=\"40\" maxlength=\"400\" class=\"wpcf7-form-control wpcf7-text wpcf7-validates-as-required\" aria-required=\"true\" aria-invalid=\"false\" value=\"\" type=\"text\" name=\"adressecollecte\" \/><\/span> <\/label>\n\t<\/p>\n<\/li>\n<li>\n\t<p><label>Article(s) \u00e0 donner :<\/label><br \/>\n<span class=\"wpcf7-form-control-wrap\" data-name=\"articlesadonner\"><span class=\"wpcf7-form-control wpcf7-checkbox wpcf7-validates-as-required\"><span class=\"wpcf7-list-item first\"><input type=\"checkbox\" name=\"articlesadonner[]\" value=\"Cuisini\u00e8re\" \/><span class=\"wpcf7-list-item-label\">Cuisini\u00e8re<\/span><\/span><span class=\"wpcf7-list-item\"><input type=\"checkbox\" name=\"articlesadonner[]\" value=\"R\u00e9frig\u00e9rateur\" \/><span class=\"wpcf7-list-item-label\">R\u00e9frig\u00e9rateur<\/span><\/span><span class=\"wpcf7-list-item\"><input type=\"checkbox\" name=\"articlesadonner[]\" value=\"Cong\u00e9lateur\" \/><span class=\"wpcf7-list-item-label\">Cong\u00e9lateur<\/span><\/span><span class=\"wpcf7-list-item\"><input type=\"checkbox\" name=\"articlesadonner[]\" value=\"S\u00e9cheuse \u00e0 linge\" \/><span class=\"wpcf7-list-item-label\">S\u00e9cheuse \u00e0 linge<\/span><\/span><span class=\"wpcf7-list-item\"><input type=\"checkbox\" name=\"articlesadonner[]\" value=\"Lave Vaisselle\" \/><span class=\"wpcf7-list-item-label\">Lave Vaisselle<\/span><\/span><span class=\"wpcf7-list-item\"><input type=\"checkbox\" name=\"articlesadonner[]\" value=\"Mobilier de chambre\" \/><span class=\"wpcf7-list-item-label\">Mobilier de chambre<\/span><\/span><span class=\"wpcf7-list-item\"><input type=\"checkbox\" name=\"articlesadonner[]\" value=\"Mobilier de salon\" \/><span class=\"wpcf7-list-item-label\">Mobilier de salon<\/span><\/span><span class=\"wpcf7-list-item\"><input type=\"checkbox\" name=\"articlesadonner[]\" value=\"Lit\" \/><span class=\"wpcf7-list-item-label\">Lit<\/span><\/span><span class=\"wpcf7-list-item\"><input type=\"checkbox\" name=\"articlesadonner[]\" value=\"Sofa\" \/><span class=\"wpcf7-list-item-label\">Sofa<\/span><\/span><span class=\"wpcf7-list-item\"><input type=\"checkbox\" name=\"articlesadonner[]\" value=\"Mobilier de salle \u00e0 manger\" \/><span class=\"wpcf7-list-item-label\">Mobilier de salle \u00e0 manger<\/span><\/span><span class=\"wpcf7-list-item last\"><input type=\"checkbox\" name=\"articlesadonner[]\" value=\"Autres\" \/><span class=\"wpcf7-list-item-label\">Autres<\/span><\/span><\/span><\/span><span class=\"wpcf7-form-control-wrap\" data-name=\"autresarticles\"><input size=\"40\" maxlength=\"400\" class=\"wpcf7-form-control wpcf7-text\" aria-invalid=\"false\" value=\"\" type=\"text\" name=\"autresarticles\" \/><\/span>\n\t<\/p>\n<\/li>\n<li>\n\t<p><label>\u00c9tat des articles \u00e0 donner :<\/label><br \/>\n<span class=\"wpcf7-form-control-wrap\" data-name=\"etatdesarticles\"><span class=\"wpcf7-form-control wpcf7-checkbox wpcf7-validates-as-required\"><span class=\"wpcf7-list-item first\"><input type=\"checkbox\" name=\"etatdesarticles[]\" value=\"Parfait \u00e9tat\" \/><span class=\"wpcf7-list-item-label\">Parfait \u00e9tat<\/span><\/span><span class=\"wpcf7-list-item\"><input type=\"checkbox\" name=\"etatdesarticles[]\" value=\"L\u00e9g\u00e8rement ab\u00eem\u00e9 (\u00e9gratignure, t\u00e2ch\u00e9, etc.)\" \/><span class=\"wpcf7-list-item-label\">L\u00e9g\u00e8rement ab\u00eem\u00e9 (\u00e9gratignure, t\u00e2ch\u00e9, etc.)<\/span><\/span><span class=\"wpcf7-list-item last\"><input type=\"checkbox\" name=\"etatdesarticles[]\" value=\"Bris\u00e9 et doit \u00eatre r\u00e9par\u00e9\" \/><span class=\"wpcf7-list-item-label\">Bris\u00e9 et doit \u00eatre r\u00e9par\u00e9<\/span><\/span><\/span><\/span>\n\t<\/p>\n<\/li>\n<li>\n\t<p><label>Commentez l'\u00e9tat des articles \u00e0 donner<\/label><br \/>\n<span class=\"wpcf7-form-control-wrap\" data-name=\"cometatdesarticles\"><input size=\"40\" maxlength=\"400\" class=\"wpcf7-form-control wpcf7-text\" aria-invalid=\"false\" value=\"\" type=\"text\" name=\"cometatdesarticles\" \/><\/span>\n\t<\/p>\n<\/li>\n<li>\n\t<p><label> Vos disponibilit\u00e9s pour la collecte<\/label>\n\t<\/p>\n\t<p><span class=\"wpcf7-form-control-wrap\" data-name=\"horaire\"><span class=\"wpcf7-form-control wpcf7-checkbox wpcf7-validates-as-required\"><span class=\"wpcf7-list-item first\"><input type=\"checkbox\" name=\"horaire[]\" value=\"Mardi jour (9h \u00e0 16h)\" \/><span class=\"wpcf7-list-item-label\">Mardi jour (9h \u00e0 16h)<\/span><\/span><span class=\"wpcf7-list-item\"><input type=\"checkbox\" name=\"horaire[]\" value=\"Mercredi jour (9h \u00e0 16h)\" \/><span class=\"wpcf7-list-item-label\">Mercredi jour (9h \u00e0 16h)<\/span><\/span><span class=\"wpcf7-list-item last\"><input type=\"checkbox\" name=\"horaire[]\" value=\"Jeudi jour (9h \u00e0 16h)\" \/><span class=\"wpcf7-list-item-label\">Jeudi jour (9h \u00e0 16h)<\/span><\/span><\/span><\/span>\n\t<\/p>\n<\/li>\n<li>\n\t<p><label> Pour faciliter le traitement de votre demande, veuillez nous envoyer une photo des articles que vous souhaitez donner (5mb max. doc|pdf|png|jpeg)<br \/>\n<span class=\"wpcf7-form-control-wrap\" data-name=\"file-fichiercollecte1\"><input size=\"40\" class=\"wpcf7-form-control wpcf7-file\" accept=\".doc,.pdf,.png,.jpeg\" aria-invalid=\"false\" type=\"file\" name=\"file-fichiercollecte1\" \/><\/span> <\/label>\n\t<\/p>\n\t<p><label> Image 2<br \/>\n<span class=\"wpcf7-form-control-wrap\" data-name=\"file-fichiercollecte2\"><input size=\"40\" class=\"wpcf7-form-control wpcf7-file\" accept=\".doc,.pdf,.png,.jpeg\" aria-invalid=\"false\" type=\"file\" name=\"file-fichiercollecte2\" \/><\/span> <\/label>\n\t<\/p>\n\t<p><label> Image 3<br \/>\n<span class=\"wpcf7-form-control-wrap\" data-name=\"file-fichiercollecte3\"><input size=\"40\" class=\"wpcf7-form-control wpcf7-file\" accept=\".doc,.pdf,.png,.jpeg\" aria-invalid=\"false\" type=\"file\" name=\"file-fichiercollecte3\" \/><\/span> <\/label>\n\t<\/p>\n\t<p><label> Image 4<br \/>\n<span class=\"wpcf7-form-control-wrap\" data-name=\"file-fichiercollecte4\"><input size=\"40\" class=\"wpcf7-form-control wpcf7-file\" accept=\".doc,.pdf,.png,.jpeg\" aria-invalid=\"false\" type=\"file\" name=\"file-fichiercollecte4\" \/><\/span> <\/label>\n\t<\/p>\n\t<p>Les champs identifi\u00e9s par un * sont obligatoires\n\t<\/p>\n<\/li>\n<p><input class=\"wpcf7-form-control wpcf7-submit has-spinner\" type=\"submit\" value=\"Envoyer\" \/>\n<\/p><div class=\"wpcf7-response-output\" aria-hidden=\"true\"><\/div>\n<\/form>\n<\/div>\n\n\n\t\t<\/div>\n\t<\/div>\n<\/div><\/div><\/div><div class=\"wpb_column vc_column_container vc_col-sm-6\"><div class=\"vc_column-inner \"><div class=\"wpb_wrapper\">\n\t<div  class=\"wpb_single_image wpb_content_element vc_align_left\">\n\t\t\n\t\t<figure class=\"wpb_wrapper vc_figure\">\n\t\t\t<div class=\"vc_single_image-wrapper   vc_box_border_grey\"><img loading=\"lazy\" decoding=\"async\" width=\"461\" height=\"1024\" src=\"https:\/\/relais-communautaire.org\/page\/wp-content\/uploads\/2022\/10\/Carrefour-sep-2022_133037-461x1024.jpg\" class=\"vc_single_image-img attachment-large\" alt=\"\" srcset=\"https:\/\/relais-communautaire.org\/page\/wp-content\/uploads\/2022\/10\/Carrefour-sep-2022_133037-461x1024.jpg 461w, https:\/\/relais-communautaire.org\/page\/wp-content\/uploads\/2022\/10\/Carrefour-sep-2022_133037-135x300.jpg 135w, https:\/\/relais-communautaire.org\/page\/wp-content\/uploads\/2022\/10\/Carrefour-sep-2022_133037-768x1707.jpg 768w, https:\/\/relais-communautaire.org\/page\/wp-content\/uploads\/2022\/10\/Carrefour-sep-2022_133037-691x1536.jpg 691w, https:\/\/relais-communautaire.org\/page\/wp-content\/uploads\/2022\/10\/Carrefour-sep-2022_133037-922x2048.jpg 922w, https:\/\/relais-communautaire.org\/page\/wp-content\/uploads\/2022\/10\/Carrefour-sep-2022_133037-scaled.jpg 1152w\" sizes=\"auto, (max-width: 461px) 100vw, 461px\" \/><\/div>\n\t\t<\/figure>\n\t<\/div>\n<\/div><\/div><\/div><\/div><div class=\"vc_row wpb_row vc_row-fluid\"><div class=\"wpb_column vc_column_container vc_col-sm-12\"><div class=\"vc_column-inner \"><div class=\"wpb_wrapper\">\n\t<div class=\"wpb_text_column wpb_content_element \" >\n\t\t<div class=\"wpb_wrapper\">\n\t\t\t\n\t\t<\/div>\n\t<\/div>\n<\/div><\/div><\/div><\/div>","protected":false},"excerpt":{"rendered":"Dons d\u2019articles pour le Carrefour des Aubaines Gr\u00e2ce \u00e0 vos dons, vous contribuez \u00e0 soutenir la mission du Relais Communautaire de Laval et \u00e0 aider des personnes vuln\u00e9rables \u00e0 avoir [...]","protected":false},"author":2,"featured_media":0,"parent":8247,"menu_order":0,"comment_status":"closed","ping_status":"closed","template":"tpl-onepage.php","meta":{"footnotes":""},"class_list":["post-12046","page","type-page","status-publish","hentry"],"jetpack_sharing_enabled":true,"_links":{"self":[{"href":"https:\/\/relais-communautaire.org\/page\/wp-json\/wp\/v2\/pages\/12046","targetHints":{"allow":["GET"]}}],"collection":[{"href":"https:\/\/relais-communautaire.org\/page\/wp-json\/wp\/v2\/pages"}],"about":[{"href":"https:\/\/relais-communautaire.org\/page\/wp-json\/wp\/v2\/types\/page"}],"author":[{"embeddable":true,"href":"https:\/\/relais-communautaire.org\/page\/wp-json\/wp\/v2\/users\/2"}],"replies":[{"embeddable":true,"href":"https:\/\/relais-communautaire.org\/page\/wp-json\/wp\/v2\/comments?post=12046"}],"version-history":[{"count":11,"href":"https:\/\/relais-communautaire.org\/page\/wp-json\/wp\/v2\/pages\/12046\/revisions"}],"predecessor-version":[{"id":13558,"href":"https:\/\/relais-communautaire.org\/page\/wp-json\/wp\/v2\/pages\/12046\/revisions\/13558"}],"up":[{"embeddable":true,"href":"https:\/\/relais-communautaire.org\/page\/wp-json\/wp\/v2\/pages\/8247"}],"wp:attachment":[{"href":"https:\/\/relais-communautaire.org\/page\/wp-json\/wp\/v2\/media?parent=12046"}],"curies":[{"name":"wp","href":"https:\/\/api.w.org\/{rel}","templated":true}]}}