{"id":13166,"date":"2021-10-28T13:28:39","date_gmt":"2021-10-28T17:28:39","guid":{"rendered":"https:\/\/relais-communautaire.org\/page\/?page_id=13166"},"modified":"2022-03-11T15:39:53","modified_gmt":"2022-03-11T20:39:53","slug":"anti-gaspillage","status":"publish","type":"page","link":"https:\/\/relais-communautaire.org\/page\/anti-gaspillage\/","title":{"rendered":"Anti-gaspillage"},"content":{"rendered":"<div class=\"vc_row wpb_row vc_row-fluid\"><div class=\"wpb_column vc_column_container vc_col-sm-12\"><div class=\"vc_column-inner \"><div class=\"wpb_wrapper\">\n\t<div class=\"wpb_text_column wpb_content_element \" >\n\t\t<div class=\"wpb_wrapper\">\n\t\t\t<h3 style=\"text-align: center;\">Lutter contre le gaspillage alimentaire c\u2019est contribuer efficacement \u00e0 assurer en tout le temps une alimentation saine \u00e0 notre communaut\u00e9<\/h3>\n<p>&nbsp;<\/p>\n<p>Le Relais Communautaire de Laval en partenariat avec la <a href=\"https:\/\/www.mapaq.gouv.qc.ca\/fr\/Pages\/Accueil.aspx\">MAPAQ<\/a>, instaure un projet pilote titr\u00e9 : <strong>Une approche compl\u00e9mentaire en s\u00e9curit\u00e9 alimentaire combinant : l\u2019\u00e9conomie circulaire, l\u2019achat local et la maximisation des ressources alimentaires.<\/strong> En effet, cette approche met en lumi\u00e8re les avantages d\u2019inciter les populations \u00e0 faible revenu \u00e0 consommer les produits bioalimentaires au niveau local, tout en maximisant leurs ressources alimentaires et en r\u00e9duisant le co\u00fbt du panier d\u2019\u00e9picerie. Ce nouveau programme comporte plusieurs volets dont ; promotionnel, formatif et informatif.<\/p>\n<p>Nos diff\u00e9rentes capsules et ateliers sont regroup\u00e9s ici, nous vous invitons \u00e0 consulter les liens ci-dessous pour prendre connaissance de la globalit\u00e9 du projet.<\/p>\n<h3 style=\"text-align: center;\"><\/h3>\n\n\t\t<\/div>\n\t<\/div>\n<\/div><\/div><\/div><\/div><div class=\"vc_row wpb_row vc_row-fluid\"><div class=\"wpb_column vc_column_container vc_col-sm-12\"><div class=\"vc_column-inner \"><div class=\"wpb_wrapper\"><span id=\"creative-link-wrap-3002\" class=\"ult_main_cl ult-adjust-bottom-margin  \" >\n\t \t\t\t<span class=\"ult_cl_link_3  ult_crlink\" >\n\t\t\t\t\t<a  data-ultimate-target='#creative-link-wrap-3002 .ult_colorlink'  data-responsive-json-new='{\"font-size\":\"\",\"line-height\":\"\"}'  href=\"https:\/\/relais-communautaire.org\/page\/capsules-anti-gaspillages\/\" title=\"Ateliers anti gaspillage\" target=\"_blank\" rel=\"noopener\"  class=\"ult_colorlink ult-responsive \" style=\"font-weight:normal; \"  data-textcolor=\"#913f21\" data-texthover=\"#4d7f24\"data-style=\"Style_3\">\n\t\t\t\t\t\t\n\t\t\t\t\t\t<span data-hover=\"Capsules anti gaspillage\" style=\"color:#913f21;;;\" class=\"ult_btn10_span   \">Capsules anti gaspillage<\/span>\n\t\t\t\t\t\t<span class=\"ult_link_btm3 \" style=\"border-color:#333333;border-bottom-width:1px;border-style:solid;\"><\/span>\n\t\t\t\t\t<\/a>\n\t\t\t\t<\/span>\n\t\t\t<\/span><span id=\"creative-link-wrap-4645\" class=\"ult_main_cl ult-adjust-bottom-margin  \" >\n\t \t\t\t<span class=\"ult_cl_link_3  ult_crlink\" >\n\t\t\t\t\t<a  data-ultimate-target='#creative-link-wrap-4645 .ult_colorlink'  data-responsive-json-new='{\"font-size\":\"\",\"line-height\":\"\"}'  href=\"https:\/\/relais-communautaire.org\/page\/mangeons-local\/\" title=\"Ateliers anti gaspillage\" target=\"_blank\" rel=\"noopener\"  class=\"ult_colorlink ult-responsive \" style=\"font-weight:normal; \"  data-textcolor=\"#913f21\" data-texthover=\"#4d7f24\"data-style=\"Style_3\">\n\t\t\t\t\t\t\n\t\t\t\t\t\t<span data-hover=\"Mangeons local\" style=\"color:#913f21;;;\" class=\"ult_btn10_span   \">Mangeons local<\/span>\n\t\t\t\t\t\t<span class=\"ult_link_btm3 \" style=\"border-color:#333333;border-bottom-width:1px;border-style:solid;\"><\/span>\n\t\t\t\t\t<\/a>\n\t\t\t\t<\/span>\n\t\t\t<\/span><span id=\"creative-link-wrap-5060\" class=\"ult_main_cl ult-adjust-bottom-margin  \" >\n\t \t\t\t<span class=\"ult_cl_link_3  ult_crlink\" >\n\t\t\t\t\t<a  data-ultimate-target='#creative-link-wrap-5060 .ult_colorlink'  data-responsive-json-new='{\"font-size\":\"\",\"line-height\":\"\"}'  href=\"https:\/\/relais-communautaire.org\/page\/ateliers-anti-gaspillage\/\" title=\"Ateliers anti gaspillage\" target=\"_blank\" rel=\"noopener\"  class=\"ult_colorlink ult-responsive \" style=\"font-weight:normal; \"  data-textcolor=\"#913f21\" data-texthover=\"#4d7f24\"data-style=\"Style_3\">\n\t\t\t\t\t\t\n\t\t\t\t\t\t<span data-hover=\"Ateliers anti gaspillage\" style=\"color:#913f21;;;\" class=\"ult_btn10_span   \">Ateliers anti gaspillage<\/span>\n\t\t\t\t\t\t<span class=\"ult_link_btm3 \" style=\"border-color:#333333;border-bottom-width:1px;border-style:solid;\"><\/span>\n\t\t\t\t\t<\/a>\n\t\t\t\t<\/span>\n\t\t\t<\/span><\/div><\/div><\/div><\/div>\n","protected":false},"excerpt":{"rendered":"Lutter contre le gaspillage alimentaire c\u2019est contribuer efficacement \u00e0 assurer en tout le temps une alimentation saine \u00e0 notre communaut\u00e9 &nbsp; Le Relais Communautaire de Laval en partenariat avec la [...]","protected":false},"author":3,"featured_media":0,"parent":0,"menu_order":0,"comment_status":"closed","ping_status":"closed","template":"","meta":{"footnotes":""},"class_list":["post-13166","page","type-page","status-publish","hentry"],"jetpack_sharing_enabled":true,"_links":{"self":[{"href":"https:\/\/relais-communautaire.org\/page\/wp-json\/wp\/v2\/pages\/13166","targetHints":{"allow":["GET"]}}],"collection":[{"href":"https:\/\/relais-communautaire.org\/page\/wp-json\/wp\/v2\/pages"}],"about":[{"href":"https:\/\/relais-communautaire.org\/page\/wp-json\/wp\/v2\/types\/page"}],"author":[{"embeddable":true,"href":"https:\/\/relais-communautaire.org\/page\/wp-json\/wp\/v2\/users\/3"}],"replies":[{"embeddable":true,"href":"https:\/\/relais-communautaire.org\/page\/wp-json\/wp\/v2\/comments?post=13166"}],"version-history":[{"count":14,"href":"https:\/\/relais-communautaire.org\/page\/wp-json\/wp\/v2\/pages\/13166\/revisions"}],"predecessor-version":[{"id":13379,"href":"https:\/\/relais-communautaire.org\/page\/wp-json\/wp\/v2\/pages\/13166\/revisions\/13379"}],"wp:attachment":[{"href":"https:\/\/relais-communautaire.org\/page\/wp-json\/wp\/v2\/media?parent=13166"}],"curies":[{"name":"wp","href":"https:\/\/api.w.org\/{rel}","templated":true}]}}