{"id":13314,"date":"2022-02-04T11:27:10","date_gmt":"2022-02-04T16:27:10","guid":{"rendered":"https:\/\/relais-communautaire.org\/page\/?page_id=13314"},"modified":"2022-02-04T11:41:47","modified_gmt":"2022-02-04T16:41:47","slug":"notre-implication","status":"publish","type":"page","link":"https:\/\/relais-communautaire.org\/page\/notre-implication\/","title":{"rendered":"Notre implication"},"content":{"rendered":"<div class=\"vc_row wpb_row vc_row-fluid\"><div class=\"wpb_column vc_column_container vc_col-sm-12\"><div class=\"vc_column-inner \"><div class=\"wpb_wrapper\">\n\t<div class=\"wpb_text_column wpb_content_element \" >\n\t\t<div class=\"wpb_wrapper\">\n\t\t\t<p>La concertation avec les partenaires du milieu, un moyen efficace pour nous permettre de r\u00e9aliser des projets d\u2019envergure r\u00e9pondant aux besoins des personnes vivant en situation de vuln\u00e9rabilit\u00e9 et r\u00e9sidant \u00e0 Laval.<\/p>\n<p>Depuis sa fondation, le Relais a toujours recherch\u00e9 des accords et des terrains d\u2019entente avec les diff\u00e9rentes institutions et organismes. Soucieux de r\u00e9pondre ad\u00e9quatement aux besoins de la population, sans d\u00e9doubler les services offerts actuellement par les organisations du milieu, nos intervenants et la direction ont particip\u00e9 \u00e0 diff\u00e9rentes tables de concertation en lien avec sa mission et les probl\u00e9matiques observ\u00e9es au cours des ann\u00e9es.<\/p>\n<p>Le Relais a donc d\u00fb choisir les instances dans lesquelles il devait s\u2019investir pour mieux r\u00e9pondre aux besoins du milieu :<\/p>\n\n\t\t<\/div>\n\t<\/div>\n<\/div><\/div><\/div><\/div><div class=\"vc_row wpb_row vc_row-fluid\"><div class=\"wpb_column vc_column_container vc_col-sm-12\"><div class=\"vc_column-inner \"><div class=\"wpb_wrapper\"><ul>\n<li class=\"LC20lb MBeuO DKV0Md\">Stabilit\u00e9 r\u00e9sidentielle avec accompagnement (SRA)<\/span><\/li>\n<li style=\"list-style-type: none;\">\n<ul>\n<li data-leveltext=\"-\" data-font=\"Calibri\" data-listid=\"3\" aria-setsize=\"-1\" data-aria-posinset=\"1\" data-aria-level=\"1\"><span data-contrast=\"auto\">Comit\u00e9 de suivi<\/span><span data-ccp-props=\"{&quot;201341983&quot;:0,&quot;335559739&quot;:160,&quot;335559740&quot;:259}\">\u00a0<\/span><\/span><\/li>\n<li data-leveltext=\"-\" data-font=\"Calibri\" data-listid=\"3\" aria-setsize=\"-1\" data-aria-posinset=\"2\" data-aria-level=\"1\"><span data-contrast=\"auto\">Comit\u00e9 clinique<\/span><span data-ccp-props=\"{&quot;201341983&quot;:0,&quot;335559739&quot;:160,&quot;335559740&quot;:259}\">\u00a0<\/span><\/span><\/li>\n<li data-leveltext=\"-\" data-font=\"Calibri\" data-listid=\"3\" aria-setsize=\"-1\" data-aria-posinset=\"3\" data-aria-level=\"1\"><span data-contrast=\"auto\">Comit\u00e9 terrain<\/span><span data-ccp-props=\"{&quot;201341983&quot;:0,&quot;335559739&quot;:160,&quot;335559740&quot;:259}\">\u00a0<\/span><\/span><\/li>\n<\/ul>\n<\/span><\/li>\n<li><span>Comit\u00e9 d&#8217;action en s\u00e9curit\u00e9 alimentaire de Laval.<\/span><\/li>\n<li style=\"list-style-type: none;\">\n<ul>\n<li><span><span data-contrast=\"auto\">Comit\u00e9 contre l\u2019ins\u00e9curit\u00e9 alimentaire <\/span><span data-ccp-props=\"{&quot;201341983&quot;:0,&quot;335559739&quot;:160,&quot;335559740&quot;:259}\">\u00a0<\/span><\/span><\/li>\n<\/ul>\n<\/span><\/li>\n<li><span>Comit\u00e9 s\u00e9curit\u00e9 alimentaire RUI Place St-Martin<\/span><\/li>\n<li><span>Comit\u00e9 de pilotage du Secteur 2<\/span><\/li>\n<li><span>R\u00e9seau des organismes et intervenants en <em>itin\u00e9rance<\/em> de Laval (ROIIL)<\/span><\/li>\n<li style=\"list-style-type: none;\">\n<ul>\n<li data-leveltext=\"-\" data-font=\"Calibri\" data-listid=\"2\" aria-setsize=\"-1\" data-aria-posinset=\"2\" data-aria-level=\"1\"><span data-contrast=\"auto\">Comit\u00e9 du Caf\u00e9 de Rue<\/span><span data-ccp-props=\"{&quot;201341983&quot;:0,&quot;335559739&quot;:160,&quot;335559740&quot;:259}\">\u00a0<\/span><\/span><\/li>\n<li data-leveltext=\"-\" data-font=\"Calibri\" data-listid=\"2\" aria-setsize=\"-1\" data-aria-posinset=\"3\" data-aria-level=\"1\"><span data-contrast=\"auto\">Comit\u00e9 du Refuge Laval<\/span><span data-ccp-props=\"{&quot;201341983&quot;:0,&quot;335559739&quot;:160,&quot;335559740&quot;:259}\">\u00a0<\/span><\/span><\/li>\n<li data-leveltext=\"-\" data-font=\"Calibri\" data-listid=\"2\" aria-setsize=\"-1\" data-aria-posinset=\"4\" data-aria-level=\"1\"><span data-contrast=\"auto\">Comit\u00e9 organisateur Nuit de sans-abri (NSA)<\/span><span data-ccp-props=\"{&quot;201341983&quot;:0,&quot;335559739&quot;:160,&quot;335559740&quot;:259}\">\u00a0<\/span><\/span><\/li>\n<\/ul>\n<\/span><\/li>\n<li><span>Comit\u00e9 interculturel de la RUI Pont Viau<\/span><\/li>\n<li><span>Comit\u00e9 terrain pour l\u2019accueil et l\u2019int\u00e9gration des personnes immigrantes et r\u00e9fugi\u00e9es \u00e0 Laval<\/span><\/li>\n<li><span><span class=\"NormalTextRun SCXW24263319 BCX4\">Corporation de d\u00e9veloppement communautaire de Laval (CDC)<\/span><\/span><\/li>\n<\/ul>\n<p>&nbsp;<\/p>\n<p>&nbsp;<\/div><\/div><\/div><\/div>\n","protected":false},"excerpt":{"rendered":"La concertation avec les partenaires du milieu, un moyen efficace pour nous permettre de r\u00e9aliser des projets d\u2019envergure r\u00e9pondant aux besoins des personnes vivant en situation de vuln\u00e9rabilit\u00e9 et r\u00e9sidant [...]","protected":false},"author":3,"featured_media":0,"parent":0,"menu_order":0,"comment_status":"closed","ping_status":"closed","template":"","meta":{"footnotes":""},"class_list":["post-13314","page","type-page","status-publish","hentry"],"jetpack_sharing_enabled":true,"_links":{"self":[{"href":"https:\/\/relais-communautaire.org\/page\/wp-json\/wp\/v2\/pages\/13314","targetHints":{"allow":["GET"]}}],"collection":[{"href":"https:\/\/relais-communautaire.org\/page\/wp-json\/wp\/v2\/pages"}],"about":[{"href":"https:\/\/relais-communautaire.org\/page\/wp-json\/wp\/v2\/types\/page"}],"author":[{"embeddable":true,"href":"https:\/\/relais-communautaire.org\/page\/wp-json\/wp\/v2\/users\/3"}],"replies":[{"embeddable":true,"href":"https:\/\/relais-communautaire.org\/page\/wp-json\/wp\/v2\/comments?post=13314"}],"version-history":[{"count":8,"href":"https:\/\/relais-communautaire.org\/page\/wp-json\/wp\/v2\/pages\/13314\/revisions"}],"predecessor-version":[{"id":13323,"href":"https:\/\/relais-communautaire.org\/page\/wp-json\/wp\/v2\/pages\/13314\/revisions\/13323"}],"wp:attachment":[{"href":"https:\/\/relais-communautaire.org\/page\/wp-json\/wp\/v2\/media?parent=13314"}],"curies":[{"name":"wp","href":"https:\/\/api.w.org\/{rel}","templated":true}]}}