{"id":13735,"date":"2023-05-26T15:55:30","date_gmt":"2023-05-26T19:55:30","guid":{"rendered":"https:\/\/relais-communautaire.org\/page\/?page_id=13735"},"modified":"2023-05-26T15:57:31","modified_gmt":"2023-05-26T19:57:31","slug":"circuit-alimentaire","status":"publish","type":"page","link":"https:\/\/relais-communautaire.org\/page\/circuit-alimentaire\/","title":{"rendered":"Circuit alimentaire"},"content":{"rendered":"<div class=\"vc_row wpb_row vc_row-fluid\"><div class=\"wpb_column vc_column_container vc_col-sm-12\"><div class=\"vc_column-inner \"><div class=\"wpb_wrapper\">\n\t<div class=\"wpb_text_column wpb_content_element \" >\n\t\t<div class=\"wpb_wrapper\">\n\t\t\t<p>Projet en partenariat pour faciliter l&#8217;acc\u00e8s et la disponibilit\u00e9 des ressources alimentaires aux r\u00e9sidents \u00e0 la Place Saint-Martin<\/p>\n<figure class=\"wp-block-image size-large\"><img loading=\"lazy\" decoding=\"async\" width=\"1024\" height=\"663\" class=\"wp-image-13738\" src=\"https:\/\/relais-communautaire.org\/page\/wp-content\/uploads\/2023\/05\/circuit-alimentaire-2023-1-1024x663.png\" alt=\"\" srcset=\"https:\/\/relais-communautaire.org\/page\/wp-content\/uploads\/2023\/05\/circuit-alimentaire-2023-1-1024x663.png 1024w, https:\/\/relais-communautaire.org\/page\/wp-content\/uploads\/2023\/05\/circuit-alimentaire-2023-1-300x194.png 300w, https:\/\/relais-communautaire.org\/page\/wp-content\/uploads\/2023\/05\/circuit-alimentaire-2023-1-768x497.png 768w, https:\/\/relais-communautaire.org\/page\/wp-content\/uploads\/2023\/05\/circuit-alimentaire-2023-1-1536x994.png 1536w, https:\/\/relais-communautaire.org\/page\/wp-content\/uploads\/2023\/05\/circuit-alimentaire-2023-1.png 2000w\" sizes=\"auto, (max-width: 1024px) 100vw, 1024px\" \/><\/figure>\n<p>&nbsp;<\/p>\n\n\t\t<\/div>\n\t<\/div>\n<\/div><\/div><\/div><\/div><div class=\"vc_row wpb_row vc_row-fluid\"><div class=\"wpb_column vc_column_container vc_col-sm-12\"><div class=\"vc_column-inner \"><div class=\"wpb_wrapper\"><\/div><\/div><\/div><div class=\"wpb_column vc_column_container vc_col-sm-12\"><div class=\"vc_column-inner \"><div class=\"wpb_wrapper\">\n\t<div class=\"wpb_raw_code wpb_content_element wpb_raw_html\" >\n\t\t<div class=\"wpb_wrapper\">\n\t\t\t<div style=\"position:relative;width:fit-content;height:fit-content;\">\n            <a style=\"position:absolute;top:20px;right:1rem;opacity:0.8;\" href=\"https:\/\/clipchamp.com\/watch\/MxrufcdzXFv?utm_source=embed&utm_medium=embed&utm_campaign=watch\">\n                <img decoding=\"async\" style=\"height:22px;\" src=\"https:\/\/clipchamp.com\/e.svg\" alt=\"Made with Clipchamp\" \/>\n            <\/a>\n            <iframe loading=\"lazy\" allow=\"autoplay;\" allowfullscreen style=\"border:none\" src=\"https:\/\/clipchamp.com\/watch\/MxrufcdzXFv\/embed\" width=\"640\" height=\"360\"><\/iframe>\n          <\/div>\n\t\t<\/div>\n\t<\/div>\n<\/div><\/div><\/div><\/div>\n","protected":false},"excerpt":{"rendered":"Projet en partenariat pour faciliter l'acc\u00e8s et la disponibilit\u00e9 des ressources alimentaires aux r\u00e9sidents \u00e0 la Place Saint-Martin &nbsp;","protected":false},"author":3,"featured_media":0,"parent":0,"menu_order":0,"comment_status":"closed","ping_status":"closed","template":"","meta":{"footnotes":""},"class_list":["post-13735","page","type-page","status-publish","hentry"],"jetpack_sharing_enabled":true,"_links":{"self":[{"href":"https:\/\/relais-communautaire.org\/page\/wp-json\/wp\/v2\/pages\/13735","targetHints":{"allow":["GET"]}}],"collection":[{"href":"https:\/\/relais-communautaire.org\/page\/wp-json\/wp\/v2\/pages"}],"about":[{"href":"https:\/\/relais-communautaire.org\/page\/wp-json\/wp\/v2\/types\/page"}],"author":[{"embeddable":true,"href":"https:\/\/relais-communautaire.org\/page\/wp-json\/wp\/v2\/users\/3"}],"replies":[{"embeddable":true,"href":"https:\/\/relais-communautaire.org\/page\/wp-json\/wp\/v2\/comments?post=13735"}],"version-history":[{"count":2,"href":"https:\/\/relais-communautaire.org\/page\/wp-json\/wp\/v2\/pages\/13735\/revisions"}],"predecessor-version":[{"id":13741,"href":"https:\/\/relais-communautaire.org\/page\/wp-json\/wp\/v2\/pages\/13735\/revisions\/13741"}],"wp:attachment":[{"href":"https:\/\/relais-communautaire.org\/page\/wp-json\/wp\/v2\/media?parent=13735"}],"curies":[{"name":"wp","href":"https:\/\/api.w.org\/{rel}","templated":true}]}}