{"id":8321,"date":"2017-07-04T05:11:51","date_gmt":"2017-07-04T05:11:51","guid":{"rendered":"http:\/\/relais-communautaire.org\/page\/?page_id=8321"},"modified":"2017-11-17T14:44:46","modified_gmt":"2017-11-17T13:44:46","slug":"programmes-et-projects","status":"publish","type":"page","link":"https:\/\/relais-communautaire.org\/page\/programmes-et-projects\/","title":{"rendered":"Programmes et projets"},"content":{"rendered":"<div class=\"vc_row wpb_row vc_row-fluid\"><div class=\"wpb_column vc_column_container vc_col-sm-12\"><div class=\"vc_column-inner \"><div class=\"wpb_wrapper\"><div class='dt-sc-title script-with-sub-title aligncenter'><h2>Programmes<\/h2><h3><\/h3><\/div><div class=\"vc_row wpb_row vc_inner vc_row-fluid\"><div class=\"rs_col-sm-6 wpb_column vc_column_container vc_col-sm-4\"><div class=\"vc_column-inner \"><div class=\"wpb_wrapper\"><div class=\"ult-new-ib ult-ib-effect-style13  ult-ib-resp  \" data-min-width=\"768\" data-max-width=\"900\" style=\"background:#000000;\" data-opacity=\"0.8\" data-hover-opacity=\"0.3\" ><img decoding=\"async\" class=\"ult-new-ib-img\" style=\"opacity:0.8;\" alt=\"null\" src=\"https:\/\/relais-communautaire.org\/page\/wp-content\/uploads\/2017\/07\/MAJL.jpg\"   \/><div id=\"interactive-banner-wrap-8509\" class=\"ult-new-ib-desc\" style=\"\"><h3 class=\"ult-new-ib-title ult-responsive\"  data-ultimate-target='#interactive-banner-wrap-8509 .ult-new-ib-title'  data-responsive-json-new='{\"font-size\":\"\",\"line-height\":\"\"}'  style=\"font-weight:normal;color:#ffffff;\">Mesures Alternatives Jeunesse<\/h3><\/div><a class=\"ult-new-ib-link\" href=\"http:\/\/majl.org\/\" target=\"_blank\" rel=\"nofollow noopener\"  ><\/a><\/div><script type=\"text\/javascript\">\n\t\t\t(function($){\n\t\t\t\t$(document).ready(function(){\n\t\t\t\t\t$(\".ult-new-ib\").css(\"opacity\",\"1\");\n\t\t\t\t});\n\t\t\t})(jQuery);\n\t\t\t<\/script><\/div><\/div><\/div><div class=\"rs_col-sm-6 wpb_column vc_column_container vc_col-sm-4\"><div class=\"vc_column-inner \"><div class=\"wpb_wrapper\"><div class=\"ult-new-ib ult-ib-effect-style13  ult-ib-resp  \" data-min-width=\"768\" data-max-width=\"900\" style=\"background:#000000;\" data-opacity=\"0.8\" data-hover-opacity=\"0.3\" ><img decoding=\"async\" class=\"ult-new-ib-img\" style=\"opacity:0.8;\" alt=\"null\" src=\"https:\/\/relais-communautaire.org\/page\/wp-content\/uploads\/2017\/07\/Pass-Action.jpg\"   \/><div id=\"interactive-banner-wrap-4797\" class=\"ult-new-ib-desc\" style=\"\"><h3 class=\"ult-new-ib-title ult-responsive\"  data-ultimate-target='#interactive-banner-wrap-4797 .ult-new-ib-title'  data-responsive-json-new='{\"font-size\":\"\",\"line-height\":\"\"}'  style=\"font-weight:normal;color:#ffffff;\">Pass Action <\/h3><div class=\"ult-new-ib-content ult-responsive\"  data-ultimate-target='#interactive-banner-wrap-4797 .ult-new-ib-content'  data-responsive-json-new='{\"font-size\":\"\",\"line-height\":\"\"}'  style=\"font-weight:normal;\"><p>Ce programme d'int\u00e9gration a permis aux personnes d\u2019accro\u00eetre leurs comp\u00e9tences tout en aidant la communaut\u00e9. Ces individus n\u00e9cessitent des suivis, des accompagnements et des formations. Tout en respectant leurs rythmes, ils ont pu augmenter leurs comp\u00e9tences et leurs qualifications dans les diff\u00e9rents plateaux de travail. Ils ont effectu\u00e9 4128 heures de travail dans les diff\u00e9rents d\u00e9partements.<\/p><\/div><\/div><a class=\"ult-new-ib-link\" href=\"http:\/\/relais-communautaire.org\/page\/programmes-et-projects\/programmes\/pass-action\/\"  ><\/a><\/div><script type=\"text\/javascript\">\n\t\t\t(function($){\n\t\t\t\t$(document).ready(function(){\n\t\t\t\t\t$(\".ult-new-ib\").css(\"opacity\",\"1\");\n\t\t\t\t});\n\t\t\t})(jQuery);\n\t\t\t<\/script><\/div><\/div><\/div><div class=\"rs_col-sm-6 wpb_column vc_column_container vc_col-sm-4\"><div class=\"vc_column-inner \"><div class=\"wpb_wrapper\"><div class=\"ult-new-ib ult-ib-effect-style13  ult-ib-resp  \" data-min-width=\"768\" data-max-width=\"900\" style=\"background:#000000;\" data-opacity=\"0.8\" data-hover-opacity=\"0.3\" ><img decoding=\"async\" class=\"ult-new-ib-img\" style=\"opacity:0.8;\" alt=\"null\" src=\"https:\/\/relais-communautaire.org\/page\/wp-content\/uploads\/2017\/07\/Travaux-compensatoire.jpg\"   \/><div id=\"interactive-banner-wrap-7392\" class=\"ult-new-ib-desc\" style=\"\"><h3 class=\"ult-new-ib-title ult-responsive\"  data-ultimate-target='#interactive-banner-wrap-7392 .ult-new-ib-title'  data-responsive-json-new='{\"font-size\":\"\",\"line-height\":\"\"}'  style=\"font-weight:normal;color:#ffffff;\">Travaux compensatoire<\/h3><\/div><a class=\"ult-new-ib-link\" href=\"http:\/\/relais-communautaire.org\/page\/programmes-et-projects\/programmes\/travaux-com\/\"  ><\/a><\/div><script type=\"text\/javascript\">\n\t\t\t(function($){\n\t\t\t\t$(document).ready(function(){\n\t\t\t\t\t$(\".ult-new-ib\").css(\"opacity\",\"1\");\n\t\t\t\t});\n\t\t\t})(jQuery);\n\t\t\t<\/script><\/div><\/div><\/div><\/div><div class=\"ult-spacer spacer-69e8ede6ccb0f\" data-id=\"69e8ede6ccb0f\" data-height=\"8\" data-height-mobile=\"8\" data-height-tab=\"8\" data-height-tab-portrait=\"\" data-height-mobile-landscape=\"\" style=\"clear:both;display:block;\"><\/div><div class='dt-sc-title script-with-sub-title aligncenter'><h2>Projets<\/h2><h3><\/h3><\/div><div class=\"vc_row wpb_row vc_inner vc_row-fluid\"><div class=\"rs_col-sm-6 wpb_column vc_column_container vc_col-sm-4\"><div class=\"vc_column-inner \"><div class=\"wpb_wrapper\"><div class=\"ult-new-ib ult-ib-effect-style13  ult-ib-resp  \" data-min-width=\"768\" data-max-width=\"900\" style=\"background:#000000;\" data-opacity=\"0.8\" data-hover-opacity=\"0.3\" ><img decoding=\"async\" class=\"ult-new-ib-img\" style=\"opacity:0.8;\" alt=\"null\" src=\"https:\/\/relais-communautaire.org\/page\/wp-content\/uploads\/2017\/07\/project-SPLI.jpg\"   \/><div id=\"interactive-banner-wrap-9799\" class=\"ult-new-ib-desc\" style=\"\"><h3 class=\"ult-new-ib-title ult-responsive\"  data-ultimate-target='#interactive-banner-wrap-9799 .ult-new-ib-title'  data-responsive-json-new='{\"font-size\":\"\",\"line-height\":\"\"}'  style=\"font-weight:normal;color:#ffffff;\">Projet SPLI<\/h3><\/div><a class=\"ult-new-ib-link\" href=\"http:\/\/relais-communautaire.org\/page\/programmes-et-projects\/project\/spli\/\"  ><\/a><\/div><script type=\"text\/javascript\">\n\t\t\t(function($){\n\t\t\t\t$(document).ready(function(){\n\t\t\t\t\t$(\".ult-new-ib\").css(\"opacity\",\"1\");\n\t\t\t\t});\n\t\t\t})(jQuery);\n\t\t\t<\/script><\/div><\/div><\/div><div class=\"rs_col-sm-6 wpb_column vc_column_container vc_col-sm-4\"><div class=\"vc_column-inner \"><div class=\"wpb_wrapper\"><div class=\"ult-new-ib ult-ib-effect-style13  ult-ib-resp  \" data-min-width=\"768\" data-max-width=\"900\" style=\"background:#000000;\" data-opacity=\"0.8\" data-hover-opacity=\"0.3\" ><img decoding=\"async\" class=\"ult-new-ib-img\" style=\"opacity:0.8;\" alt=\"null\" src=\"https:\/\/relais-communautaire.org\/page\/wp-content\/uploads\/2017\/07\/SRA.jpg\"   \/><div id=\"interactive-banner-wrap-3621\" class=\"ult-new-ib-desc\" style=\"\"><h3 class=\"ult-new-ib-title ult-responsive\"  data-ultimate-target='#interactive-banner-wrap-3621 .ult-new-ib-title'  data-responsive-json-new='{\"font-size\":\"\",\"line-height\":\"\"}'  style=\"font-weight:normal;color:#ffffff;\">SRA<\/h3><\/div><a class=\"ult-new-ib-link\" href=\"http:\/\/relais-communautaire.org\/page\/programmes-et-projects\/project\/sra\/\"  ><\/a><\/div><script type=\"text\/javascript\">\n\t\t\t(function($){\n\t\t\t\t$(document).ready(function(){\n\t\t\t\t\t$(\".ult-new-ib\").css(\"opacity\",\"1\");\n\t\t\t\t});\n\t\t\t})(jQuery);\n\t\t\t<\/script><\/div><\/div><\/div><div class=\"rs_col-sm-6 wpb_column vc_column_container vc_col-sm-4\"><div class=\"vc_column-inner \"><div class=\"wpb_wrapper\"><div class=\"ult-new-ib ult-ib-effect-style13  ult-ib-resp  \" data-min-width=\"768\" data-max-width=\"900\" style=\"background:#000000;\" data-opacity=\"0.8\" data-hover-opacity=\"0.3\" ><img decoding=\"async\" class=\"ult-new-ib-img\" style=\"opacity:0.8;\" alt=\"null\" src=\"https:\/\/relais-communautaire.org\/page\/wp-content\/uploads\/2017\/07\/Inmigration.jpg\"   \/><div id=\"interactive-banner-wrap-2045\" class=\"ult-new-ib-desc\" style=\"\"><h3 class=\"ult-new-ib-title ult-responsive\"  data-ultimate-target='#interactive-banner-wrap-2045 .ult-new-ib-title'  data-responsive-json-new='{\"font-size\":\"\",\"line-height\":\"\"}'  style=\"font-weight:normal;color:#ffffff;\">Immigration<\/h3><div class=\"ult-new-ib-content ult-responsive\"  data-ultimate-target='#interactive-banner-wrap-2045 .ult-new-ib-content'  data-responsive-json-new='{\"font-size\":\"\",\"line-height\":\"\"}'  style=\"font-weight:normal;\"><p>Le flux de l\u2019immigration, au cours des derni\u00e8res ann\u00e9es, a nettement augment\u00e9 sur le territoire de Laval. Le visage de la client\u00e8le fr\u00e9quentant la ressource refl\u00e8te cette r\u00e9alit\u00e9. L\u2019augmentation des membres issus des communaut\u00e9s culturelles, incluant l\u2019arriv\u00e9e massive des nouveaux arrivants de toute cat\u00e9gorie (r\u00e9fugi\u00e9s, demandeurs d\u2019asile, immigrants\u2026etc.) s\u2019est accrue de l\u2019ordre de 25% depuis 2005 : une r\u00e9alit\u00e9 lavalloise li\u00e9e au flux migratoire dans la r\u00e9gion. <\/p><\/div><\/div><a class=\"ult-new-ib-link\" href=\"http:\/\/relais-communautaire.org\/page\/programmes-et-projects\/project\/immgration\/\"  ><\/a><\/div><script type=\"text\/javascript\">\n\t\t\t(function($){\n\t\t\t\t$(document).ready(function(){\n\t\t\t\t\t$(\".ult-new-ib\").css(\"opacity\",\"1\");\n\t\t\t\t});\n\t\t\t})(jQuery);\n\t\t\t<\/script><\/div><\/div><\/div><\/div><div class=\"ult-spacer spacer-69e8ede6cd9f3\" data-id=\"69e8ede6cd9f3\" data-height=\"65\" data-height-mobile=\"65\" data-height-tab=\"65\" data-height-tab-portrait=\"\" data-height-mobile-landscape=\"\" style=\"clear:both;display:block;\"><\/div><\/div><\/div><\/div><\/div>\n","protected":false},"excerpt":{"rendered":"ProgrammesMesures Alternatives JeunessePass Action Ce programme d'int\u00e9gration a permis aux personnes d\u2019accro\u00eetre leurs comp\u00e9tences tout en aidant la communaut\u00e9. Ces individus n\u00e9cessitent des suivis, des accompagnements et des formations. Tout [...]","protected":false},"author":3,"featured_media":0,"parent":0,"menu_order":3,"comment_status":"closed","ping_status":"closed","template":"","meta":{"footnotes":""},"class_list":["post-8321","page","type-page","status-publish","hentry"],"jetpack_sharing_enabled":true,"_links":{"self":[{"href":"https:\/\/relais-communautaire.org\/page\/wp-json\/wp\/v2\/pages\/8321","targetHints":{"allow":["GET"]}}],"collection":[{"href":"https:\/\/relais-communautaire.org\/page\/wp-json\/wp\/v2\/pages"}],"about":[{"href":"https:\/\/relais-communautaire.org\/page\/wp-json\/wp\/v2\/types\/page"}],"author":[{"embeddable":true,"href":"https:\/\/relais-communautaire.org\/page\/wp-json\/wp\/v2\/users\/3"}],"replies":[{"embeddable":true,"href":"https:\/\/relais-communautaire.org\/page\/wp-json\/wp\/v2\/comments?post=8321"}],"version-history":[{"count":0,"href":"https:\/\/relais-communautaire.org\/page\/wp-json\/wp\/v2\/pages\/8321\/revisions"}],"wp:attachment":[{"href":"https:\/\/relais-communautaire.org\/page\/wp-json\/wp\/v2\/media?parent=8321"}],"curies":[{"name":"wp","href":"https:\/\/api.w.org\/{rel}","templated":true}]}}