{"id":8763,"date":"2017-07-07T17:16:25","date_gmt":"2017-07-07T17:16:25","guid":{"rendered":"http:\/\/relais-communautaire.org\/page\/?page_id=8763"},"modified":"2025-04-06T16:51:36","modified_gmt":"2025-04-06T20:51:36","slug":"aide-alimentaire","status":"publish","type":"page","link":"https:\/\/relais-communautaire.org\/page\/services\/aide-alimentaire\/","title":{"rendered":"Aide alimentaire"},"content":{"rendered":"<div class=\"vc_row wpb_row vc_row-fluid vc_row-o-equal-height vc_row-o-content-middle vc_row-flex\"><div class=\"wpb_column vc_column_container vc_col-sm-12\"><div class=\"vc_column-inner vc_custom_1497600643806\"><div class=\"wpb_wrapper\"><div class=\"wpb_images_carousel wpb_content_element vc_clearfix\"><div class=\"wpb_wrapper\"><div id=\"vc_images-carousel-1-1776782130\" data-ride=\"vc_carousel\" data-wrap=\"false\" style=\"width: 1024px;\" data-interval=\"0\" data-auto-height=\"yes\" data-mode=\"horizontal\" data-partial=\"false\" data-per-view=\"1\" data-hide-on-end=\"true\" class=\"vc_slide vc_images_carousel\"><ol class=\"vc_carousel-indicators\"><li data-target=\"#vc_images-carousel-1-1776782130\" data-slide-to=\"0\"><\/li><li data-target=\"#vc_images-carousel-1-1776782130\" data-slide-to=\"1\"><\/li><\/ol><div class=\"vc_carousel-inner\"><div class=\"vc_carousel-slideline\"><div class=\"vc_carousel-slideline-inner\"><div class=\"vc_item\"><div class=\"vc_inner\"><a class=\"\" href=\"https:\/\/relais-communautaire.org\/page\/wp-content\/uploads\/2023\/07\/tri-alimentaire--1024x683.png\" data-lightbox=\"lightbox[rel-8763-3288255053]\"><img loading=\"lazy\" decoding=\"async\" width=\"1024\" height=\"683\" src=\"https:\/\/relais-communautaire.org\/page\/wp-content\/uploads\/2023\/07\/tri-alimentaire--1024x683.png\" class=\"attachment-large\" alt=\"\" srcset=\"https:\/\/relais-communautaire.org\/page\/wp-content\/uploads\/2023\/07\/tri-alimentaire--1024x683.png 1024w, https:\/\/relais-communautaire.org\/page\/wp-content\/uploads\/2023\/07\/tri-alimentaire--300x200.png 300w, https:\/\/relais-communautaire.org\/page\/wp-content\/uploads\/2023\/07\/tri-alimentaire--768x512.png 768w, https:\/\/relais-communautaire.org\/page\/wp-content\/uploads\/2023\/07\/tri-alimentaire--1536x1024.png 1536w, https:\/\/relais-communautaire.org\/page\/wp-content\/uploads\/2023\/07\/tri-alimentaire-.png 1800w\" sizes=\"auto, (max-width: 1024px) 100vw, 1024px\" \/><\/a><\/div><\/div><div class=\"vc_item\"><div class=\"vc_inner\"><a class=\"\" href=\"https:\/\/relais-communautaire.org\/page\/wp-content\/uploads\/2023\/07\/1O6A86191-1024x683.png\" data-lightbox=\"lightbox[rel-8763-3288255053]\"><img loading=\"lazy\" decoding=\"async\" width=\"1024\" height=\"683\" src=\"https:\/\/relais-communautaire.org\/page\/wp-content\/uploads\/2023\/07\/1O6A86191-1024x683.png\" class=\"attachment-large\" alt=\"\" srcset=\"https:\/\/relais-communautaire.org\/page\/wp-content\/uploads\/2023\/07\/1O6A86191-1024x683.png 1024w, https:\/\/relais-communautaire.org\/page\/wp-content\/uploads\/2023\/07\/1O6A86191-300x200.png 300w, https:\/\/relais-communautaire.org\/page\/wp-content\/uploads\/2023\/07\/1O6A86191-768x512.png 768w, https:\/\/relais-communautaire.org\/page\/wp-content\/uploads\/2023\/07\/1O6A86191-1536x1024.png 1536w, https:\/\/relais-communautaire.org\/page\/wp-content\/uploads\/2023\/07\/1O6A86191.png 1800w\" sizes=\"auto, (max-width: 1024px) 100vw, 1024px\" \/><\/a><\/div><\/div><\/div><\/div><\/div><a class=\"vc_left vc_carousel-control\" href=\"#vc_images-carousel-1-1776782130\" data-slide=\"prev\"><span class=\"icon-prev\"><\/span><\/a><a class=\"vc_right vc_carousel-control\" href=\"#vc_images-carousel-1-1776782130\" data-slide=\"next\"><span class=\"icon-next\"><\/span><\/a><\/div><\/div><\/div><div class=\"vc_empty_space\"   style=\"height: 30px\"><span class=\"vc_empty_space_inner\"><\/span><\/div><\/div><\/div><\/div><\/div><div class=\"vc_row wpb_row vc_row-fluid\"><div class=\"wpb_column vc_column_container vc_col-sm-12\"><div class=\"vc_column-inner \"><div class=\"wpb_wrapper\"><\/div><\/div><\/div><div class=\"wpb_column vc_column_container vc_col-sm-12\"><div class=\"vc_column-inner \"><div class=\"wpb_wrapper\"><div class='dt-sc-title with-right-border-decor '><h2>S\u00e9curit\u00e9 alimentaire<\/h2><p><\/p><\/div>\n\t<div class=\"wpb_text_column wpb_content_element \" >\n\t\t<div class=\"wpb_wrapper\">\n\t\t\t<p>La <strong>distribution alimentaire<\/strong> offre l\u2019opportunit\u00e9 \u00e0 nos membres de faire leurs propres choix alimentaires pour des raisons de dignit\u00e9, d\u2019\u00e9quit\u00e9 de diversification des denr\u00e9es ainsi que d\u2019offrir, une fois par semaine, des services adapt\u00e9s selon le nombre de personnes desservies dans la famille.<\/p>\n\n\t\t<\/div>\n\t<\/div>\n<\/div><\/div><\/div><\/div><div class=\"vc_row wpb_row vc_row-fluid\"><div class=\"wpb_column vc_column_container vc_col-sm-12\"><div class=\"vc_column-inner \"><div class=\"wpb_wrapper\"><div class='dt-sc-toggle-frame-set type2 '><h5 class='dt-sc-toggle-accordion '><a href='#'>Distribution alimentaire<\/a><\/h5><div class=\"dt-sc-toggle-content\" style=\"display: none;\"><div class=\"block\"><div class=\"wpb_text_column wpb_content_element  vc_custom_1705673785643\" >\n\t\t<div class=\"wpb_wrapper\">\n\t\t\t<p>Distribution alimentaire entre\u00a0<strong>8 h 30 <\/strong>\u00e0<strong> 17 h<\/strong><\/p>\n<ul>\n<li>Mardi : adultes et familles avec des enfants de plus de 18 ans (<span style=\"color: #339966;\">carte verte<\/span>)<\/li>\n<li>Jeudi : familles avec des enfants de moins de 18 ans (<span style=\"color: #3366ff;\">carte bleue<\/span>)<\/li>\n<\/ul>\n\n\t\t<\/div>\n\t<\/div><\/div><\/div><h5 class='dt-sc-toggle-accordion '><a href='#'>Repas communautaire<\/a><\/h5><div class=\"dt-sc-toggle-content\" style=\"display: none;\"><div class=\"block\"><div class=\"wpb_text_column wpb_content_element  vc_custom_1705675162420\" >\n\t\t<div class=\"wpb_wrapper\">\n\t\t\t<ul>\n<li>Repas \u00e0 prix modique : $4,00 pour les membres.<\/li>\n<li>Repas \u00e0 $8.00 pour le grand public.<\/li>\n<li>Repas pour emporter : veuillez r\u00e9server 24 h<span class=\"OYPEnA text-decoration-none text-strikethrough-none\"> \u00e0 l&#8217;<\/span><span class=\"OYPEnA text-decoration-none text-strikethrough-none\">avance au (450) 668-8727<\/span><\/li>\n<li>Soupe\/Sandwich gratuite pour les membres. Lundi au vendredi de 8 h \u00e0 17 h<\/li>\n<\/ul>\n<p>Consultez notre <a href=\"https:\/\/www.facebook.com\/RelaisCommunautaireDeLaval\/menu\">menu hebdomadaire\u00a0<\/a><\/p>\n<p><strong>HORAIRE REPAS SUR PLACE<\/strong> :<\/p>\n<p>Lundi :\u00a0 \u00a0 \u00a0 12 h \u00e0 13 h 30<\/p>\n<p>Mardi :\u00a0 \u00a0 \u00a0 12 h \u00e0 13 h 30<\/p>\n<p>Mercredi : 12 h \u00e0 13 h 30<\/p>\n<p>Jeudi :\u00a0 \u00a0 \u00a0 12 h \u00e0 13 h 30<\/p>\n<p>Vendredi : 12 h \u00e0 13 h 30<\/p>\n<p>&nbsp;<\/p>\n\n\t\t<\/div>\n\t<\/div><\/div><\/div><h5 class='dt-sc-toggle-accordion '><a href='#'>\u00c9cono-bouffe<\/a><\/h5><div class=\"dt-sc-toggle-content\" style=\"display: none;\"><div class=\"block\"><div class=\"wpb_text_column wpb_content_element \" >\n\t\t<div class=\"wpb_wrapper\">\n\t\t\t<p>Le <span style=\"font-weight: normal !msorm;\"><strong>service d\u2019aide alimentaire<\/strong><\/span> offert par le Relais r\u00e9pond partiellement aux besoins des personnes sollicitant notre aide. Il s\u2019inscrit dans une approche compl\u00e9mentaire avec notre cours <span style=\"font-weight: normal !msorm;\"><strong>d\u2019Econo-Bouffe<\/strong><\/span>.<\/p>\n<p>Ces ateliers permettent \u00e0 nos membres de d\u00e9velopper leurs habilet\u00e9s culinaires, mais aussi de briser leur isolement et d\u2019am\u00e9liorer leur nutrition.<\/p>\n<p><strong>Mercredi et jeudi<\/strong> \u2013 13h00 \u00e0 15h00<\/p>\n<p>Cout par portion: 4.00$<\/p>\n<p class=\"p1\">Inscription requise, contacter Cristina Paun au 450-668-8727 poste 120<\/p>\n\n\t\t<\/div>\n\t<\/div><\/div><\/div><\/div><\/div><\/div><\/div><\/div><div class=\"vc_row wpb_row vc_row-fluid\"><div class=\"wpb_column vc_column_container vc_col-sm-12\"><div class=\"vc_column-inner \"><div class=\"wpb_wrapper\"><\/div><\/div><\/div><\/div>\n","protected":false},"excerpt":{"rendered":"S\u00e9curit\u00e9 alimentaire La distribution alimentaire offre l\u2019opportunit\u00e9 \u00e0 nos membres de faire leurs propres choix alimentaires pour des raisons de dignit\u00e9, d\u2019\u00e9quit\u00e9 de diversification des denr\u00e9es ainsi que d\u2019offrir, une [...]","protected":false},"author":3,"featured_media":0,"parent":9625,"menu_order":0,"comment_status":"closed","ping_status":"closed","template":"tpl-sidenavigation.php","meta":{"footnotes":""},"class_list":["post-8763","page","type-page","status-publish","hentry"],"jetpack_sharing_enabled":true,"_links":{"self":[{"href":"https:\/\/relais-communautaire.org\/page\/wp-json\/wp\/v2\/pages\/8763","targetHints":{"allow":["GET"]}}],"collection":[{"href":"https:\/\/relais-communautaire.org\/page\/wp-json\/wp\/v2\/pages"}],"about":[{"href":"https:\/\/relais-communautaire.org\/page\/wp-json\/wp\/v2\/types\/page"}],"author":[{"embeddable":true,"href":"https:\/\/relais-communautaire.org\/page\/wp-json\/wp\/v2\/users\/3"}],"replies":[{"embeddable":true,"href":"https:\/\/relais-communautaire.org\/page\/wp-json\/wp\/v2\/comments?post=8763"}],"version-history":[{"count":14,"href":"https:\/\/relais-communautaire.org\/page\/wp-json\/wp\/v2\/pages\/8763\/revisions"}],"predecessor-version":[{"id":14461,"href":"https:\/\/relais-communautaire.org\/page\/wp-json\/wp\/v2\/pages\/8763\/revisions\/14461"}],"up":[{"embeddable":true,"href":"https:\/\/relais-communautaire.org\/page\/wp-json\/wp\/v2\/pages\/9625"}],"wp:attachment":[{"href":"https:\/\/relais-communautaire.org\/page\/wp-json\/wp\/v2\/media?parent=8763"}],"curies":[{"name":"wp","href":"https:\/\/api.w.org\/{rel}","templated":true}]}}