{"id":9594,"date":"2017-08-28T03:19:06","date_gmt":"2017-08-28T02:19:06","guid":{"rendered":"http:\/\/relais-communautaire.org\/page\/?page_id=9594"},"modified":"2023-09-07T11:31:57","modified_gmt":"2023-09-07T15:31:57","slug":"histoire","status":"publish","type":"page","link":"https:\/\/relais-communautaire.org\/page\/qui-sommes-nous\/histoire\/","title":{"rendered":"Histoire"},"content":{"rendered":"<div class=\"vc_row wpb_row vc_row-fluid\"><div class=\"wpb_column vc_column_container vc_col-sm-12\"><div class=\"vc_column-inner \"><div class=\"wpb_wrapper\"><div class='dt-sc-title with-right-border-decor '><h2>Le Relais Communautaire de Laval<\/h2><p>L&#8217;implication et la solidarit\u00e9 des actions cl\u00e9s pour\u00a0s\u2019adapter aux changement et poursuivre la mission d\u2019amour qui leur est transmise.<\/p><\/div><\/div><\/div><\/div><\/div><div class=\"vc_row wpb_row vc_row-fluid\"><div class=\"wpb_column vc_column_container vc_col-sm-12\"><div class=\"vc_column-inner \"><div class=\"wpb_wrapper\">\n\t<div class=\"wpb_text_column wpb_content_element \" >\n\t\t<div class=\"wpb_wrapper\">\n\t\t\t<div class=\"smile-icon-timeline-wrap csstime   \"  data-time_sep_bg_color=\"#177a01\"  data-time_sep_color=\"#165102\" style=\"\"><div class=\"timeline-line \" style=\"border-right-color:#165102;\"><span><\/span><\/div><div class=\"timeline-wrapper\"><div class=\"timeline-block \"><div class=\"timeline-dot\"><\/div><div class=\"ult-timeline-arrow\"><s><\/s><l><\/l><\/div><div class=\"timeline-icon-block\"><div class=\"ult-timeline-icon \" style=\"   \"><div class=\"ult-just-icon-wrapper  \"><div class=\"align-icon\" style=\"text-align:center;\">\n<div class=\"aio-icon circle \"  style=\"color:#165102;background:#ffffff;font-size:25px;display:inline-block;\">\n\t<i class=\"Defaults-spinner\"><\/i>\n<\/div><\/div><\/div><\/div> <!-- icon --><\/div><div class=\"timeline-header-block\" >\n\t\t\t\t\t\t\t<div id=\"timeline-item-3297\" class=\"timeline-header\" style=\"\"><h3 class=\"ult-timeline-title ult-responsive\"  data-ultimate-target='#timeline-item-3297 .ult-timeline-title'  data-responsive-json-new='{\"font-size\":\"\",\"line-height\":\"\"}'  style=\"\">Le grand c\u0153ur de nos fondatrices<\/h3><div class=\"ult-responsive timeline-item-spt\"  data-ultimate-target='#timeline-item-3297 .timeline-item-spt'  data-responsive-json-new='{\"font-size\":\"\",\"line-height\":\"\"}'  style=\"\">Lors des pr\u00e9paratifs de No\u00ebl 1982, une des fondatrices, Mme\u00a0<strong>Rita Lafond <\/strong>est touch\u00e9e par la pauvret\u00e9 autour d\u2019elle et se sent interpel\u00e9e \u00e0 faire quelque chose pour les personnes d\u00e9munies. En 1983 Rita contacte une amie Mme\u00a0<strong>Andr\u00e9e Paquet\u00a0<\/strong>et elles d\u00e9cident de s\u2019impliquer \u00e0 l\u2019Accueil Bonneau (Montr\u00e9al).<\/p>\n<p>A leur grande surprise, la responsable Pauline Vachon les retourne \u00e0 Laval en leur disant \u00ab\u00a0impliquez vous \u00e0 Laval et r\u00e9pondez aux grands besoins de votre milieu\u00a0\u00bb Cette parole devient un envoi en Mission pour d\u00e9bouter le Relais Communautaire.<\/p>\n<p>Une troisi\u00e8me personne,\u00a0<strong>Mme Nicole Gauvin<\/strong>, se montre int\u00e9ress\u00e9e \u00e0 la mise en place de l\u2019organisme et vient porter main forte \u00e0 nos fondatrices pour la recherche d\u2019un local dans le quartier Pont-Viau.<\/p>\n<p>Nos fondatrices se lancent sur un chemin inconnu.<\/p>\n<p>La recherche de subventions, de partenaires pour mettre en oeuvre le nouveau projet; la mise en place de Conseil d\u2019administration. Il fallait de la pers\u00e9v\u00e9rance, de la disponibilit\u00e9, de l\u2019audace, de la confiance et surtout une solidarit\u00e9 de la communaut\u00e9 pour faire na\u00eetre ce nouvel organisme. Sans la participation des diff\u00e9rents partenaires, il aurait \u00e9t\u00e9 encore plus difficile d\u2019atteindre les objectifs fix\u00e9s. Les premiers \u00e0 soutenir ce projet ont \u00e9t\u00e9\u00a0: le Centre de b\u00e9n\u00e9volat\u00a0(Manon Caron, directrice), Laval au F\u00e9minin (marraine du Relais pour l\u2019obtention des subventions), la paroisse St Christophe, la Caisse Populaire St Christophe et l\u2019Urgence Sociale (M. Dup\u00e9r\u00e9).<\/div><\/div> <!-- header --><\/div><\/div><div class=\"timeline-block \"><div class=\"timeline-dot\"><\/div><div class=\"ult-timeline-arrow\"><s><\/s><l><\/l><\/div><div class=\"timeline-icon-block\"><div class=\"ult-timeline-icon \" style=\"   \"><div class=\"ult-just-icon-wrapper  \"><div class=\"align-icon\" style=\"text-align:center;\">\n<div class=\"aio-icon circle \"  style=\"color:#165102;background:#ffffff;font-size:25px;display:inline-block;\">\n\t<i class=\"Defaults-spinner\"><\/i>\n<\/div><\/div><\/div><\/div> <!-- icon --><\/div><div class=\"timeline-header-block\" >\n\t\t\t\t\t\t\t<div id=\"timeline-item-7880\" class=\"timeline-header\" style=\"\"><h3 class=\"ult-timeline-title ult-responsive\"  data-ultimate-target='#timeline-item-7880 .ult-timeline-title'  data-responsive-json-new='{\"font-size\":\"\",\"line-height\":\"\"}'  style=\"\">19 mars 1984 \u2013 Ouverture du Relais, nouvel organisme communautaire \u00e0 Laval<\/h3><div class=\"ult-responsive timeline-item-spt\"  data-ultimate-target='#timeline-item-7880 .timeline-item-spt'  data-responsive-json-new='{\"font-size\":\"\",\"line-height\":\"\"}'  style=\"\">Le Relais ouvre ses portes au sous-sol de l\u2019\u00e9glise St Christophe, cinq midis par semaine en offrant gratuitement une soupe et des sandwichs pour 12 personnes du quartier.<\/p>\n<p>Les fondatrices devenues employ\u00e9es subventionn\u00e9es par Canada Travail et dix b\u00e9n\u00e9voles voient aux diff\u00e9rentes t\u00e2ches de la cuisine, des achats, d\u2019approvisionnement, de l\u2019administration et de l\u2019entretien pour offrir un service de qualit\u00e9.<\/p>\n<p>Le repas partag\u00e9 devient le lieu de la rencontre. Pour mieux r\u00e9pondre \u00e0 un besoin, pour mieux \u00eatre une pr\u00e9sence signifiante aupr\u00e8s des personnes, on ajoute au menu du midi, le repas chaud complet au prix de 0.75 $<\/p>\n<p>Les fondatrices aiment organiser des f\u00eates et d\u00e8s la premi\u00e8re ann\u00e9e, \u00e0 la suggestion de la client\u00e8le, on c\u00e9l\u00e8bre la magie de No\u00ebl en offrant un repas chaud traditionnel et des cadeaux aux b\u00e9n\u00e9ficiaires. 170 personnes sont pr\u00e9sentes. Tous les membres de la famille sont convi\u00e9s \u00e0 ce grand rassemblement.<\/div><\/div> <!-- header --><\/div><\/div><div class=\"timeline-block \"><div class=\"timeline-dot\"><\/div><div class=\"ult-timeline-arrow\"><s><\/s><l><\/l><\/div><div class=\"timeline-icon-block\"><div class=\"ult-timeline-icon \" style=\"   \"><div class=\"ult-just-icon-wrapper  \"><div class=\"align-icon\" style=\"text-align:center;\">\n<div class=\"aio-icon circle \"  style=\"color:#de5034;background:#ffffff;font-size:25px;display:inline-block;\">\n\t<i class=\"Defaults-spinner\"><\/i>\n<\/div><\/div><\/div><\/div> <!-- icon --><\/div><div class=\"timeline-header-block\" >\n\t\t\t\t\t\t\t<div id=\"timeline-item-2565\" class=\"timeline-header\" style=\"\"><h3 class=\"ult-timeline-title ult-responsive\"  data-ultimate-target='#timeline-item-2565 .ult-timeline-title'  data-responsive-json-new='{\"font-size\":\"\",\"line-height\":\"\"}'  style=\"\">Le Relais \u00e9vinc\u00e9 est \u00e0 la recherche d\u2019un local dans le quartier de Pont-Viau<\/h3><div class=\"ult-responsive timeline-item-spt\"  data-ultimate-target='#timeline-item-2565 .timeline-item-spt'  data-responsive-json-new='{\"font-size\":\"\",\"line-height\":\"\"}'  style=\"\">Le relais doit quitter son local dans les plus brefs d\u00e9lais, il est \u00e9vinc\u00e9 par la Paroisse.<\/p>\n<p>Les fondatrices sont mises \u00e0 l\u2019\u00e9vidence et plus que jamais elles doivent croire au bien fond\u00e9 du Relais. Malgr\u00e9 la d\u00e9ception, le sentiment de n\u2019\u00eatre pas reconnu, elles se mettent en route pour sauver le Relais et le d\u00e9fendre.<\/p>\n<p>Une conf\u00e9rence de presse a lieu par le Courrier de Laval \u00ab\u00a0Le Relais \u00e9vinc\u00e9 est \u00e0 la recherche d\u2019un local dans le quartier de Pont-Viau\u00a0\u00bb.<\/p>\n<p>Apr\u00e8s de nombreuses d\u00e9marches et plusieurs interventions, la Paroisse St-Julien Emard ouvre ses portes et accueille l\u2019organisme. En 1988, le Relais d\u00e9m\u00e9nage et s\u2019installe dans ses nouveaux locaux.<\/p>\n<p>Par contre, une des fondatrices, Nicole d\u00e9c\u00e8de d\u2019un cancer, c\u2019est une grande perte et un moment difficile pour les fondatrices et la client\u00e8le qui vivent ce deuil.<\/p>\n<p>Mme\u00a0<strong>Suzanne Labrie<\/strong>\u00a0succ\u00e8de \u00e0 Mme Nicole Gauvin.<\/div><\/div> <!-- header --><\/div><\/div><div class=\"timeline-block \"><div class=\"timeline-dot\"><\/div><div class=\"ult-timeline-arrow\"><s><\/s><l><\/l><\/div><div class=\"timeline-icon-block\"><div class=\"ult-timeline-icon \" style=\"   \"><div class=\"ult-just-icon-wrapper  \"><div class=\"align-icon\" style=\"text-align:center;\">\n<div class=\"aio-icon circle \"  style=\"color:#165102;background:#ffffff;font-size:25px;display:inline-block;\">\n\t<i class=\"Defaults-spinner\"><\/i>\n<\/div><\/div><\/div><\/div> <!-- icon --><\/div><div class=\"timeline-header-block\" >\n\t\t\t\t\t\t\t<div id=\"timeline-item-2171\" class=\"timeline-header\" style=\"\"><h3 class=\"ult-timeline-title ult-responsive\"  data-ultimate-target='#timeline-item-2171 .ult-timeline-title'  data-responsive-json-new='{\"font-size\":\"\",\"line-height\":\"\"}'  style=\"\">Apr\u00e8s neuf ann\u00e9es, le Relais d\u00e9m\u00e9nage dans ses nouveaux locaux<\/h3><div class=\"ult-responsive timeline-item-spt\"  data-ultimate-target='#timeline-item-2171 .timeline-item-spt'  data-responsive-json-new='{\"font-size\":\"\",\"line-height\":\"\"}'  style=\"\">Au printemps 1997, le Relais devient propri\u00e9taire d\u2019un immeuble au 111 boul des Laurentides, dans le secteur Pont-Viau.<\/p>\n<p>C\u2019est un nouveau d\u00e9part et tous sortent gagnants. L\u2019espace que le Relais occupe maintenant permet d\u2019offrir un meilleur service \u00e0 la client\u00e8le.<\/p>\n<p>Mme Suzanne Labrie quitte par la suite son poste de directrice et Mme\u00a0<strong>Janette Delisle\u00a0<\/strong>prend la direction.<\/p>\n<p>Le d\u00e9m\u00e9nagement, le changement de direction, changement dans le personnel, nouvelle agente de milieu, nouveaux membres du CA. Nouveaux b\u00e9n\u00e9voles vont apporter un regain de vie au Relais.<\/p>\n<p>De nouveaux services sont mis en place, popote roulante, mets cuisin\u00e9s pour apporter une s\u00e9curit\u00e9 alimentaire et l\u2019ouverture de la friperie pour r\u00e9pondre aux besoins vestimentaires.<\/p>\n<p>Des ateliers de croissance personnelle, des ateliers de peinture, de bricolage, des conf\u00e9rences \u00e9ducatives, ressourcements, groupes d\u2019\u00e9changes sont offerts aux membres de la client\u00e8le pour favoriser la prise en charge Tous ces ateliers incitent la personne en situation de vuln\u00e9rabilit\u00e9 \u00e0 aller vers une plus grande autonomie.<\/p>\n<p>Le sens de la f\u00eate est toujours aussi pr\u00e9sent. Des \u00e9v\u00e8nements sp\u00e9ciaux pour c\u00e9l\u00e9brer ensembles diff\u00e9rentes f\u00eates de l\u2019ann\u00e9e sont planifi\u00e9es tout au long de l\u2019ann\u00e9e.<\/p>\n<p>Le Relais est devenu grand, plus de 850 foyers de Laval viennent durant l\u2019ann\u00e9e et utilisent les diff\u00e9rents services offerts ce qui repr\u00e9sente pr\u00e8s de 27.000 personnes.<\/div><\/div> <!-- header --><\/div><\/div><div class=\"timeline-block \"><div class=\"timeline-dot\"><\/div><div class=\"ult-timeline-arrow\"><s><\/s><l><\/l><\/div><div class=\"timeline-icon-block\"><div class=\"ult-timeline-icon \" style=\"   \"><div class=\"ult-just-icon-wrapper  \"><div class=\"align-icon\" style=\"text-align:center;\">\n<div class=\"aio-icon circle \"  style=\"color:#165102;background:#ffffff;font-size:25px;display:inline-block;\">\n\t<i class=\"Defaults-spinner\"><\/i>\n<\/div><\/div><\/div><\/div> <!-- icon --><\/div><div class=\"timeline-header-block\" >\n\t\t\t\t\t\t\t<div id=\"timeline-item-2020\" class=\"timeline-header\" style=\"\"><h3 class=\"ult-timeline-title ult-responsive\"  data-ultimate-target='#timeline-item-2020 .ult-timeline-title'  data-responsive-json-new='{\"font-size\":\"\",\"line-height\":\"\"}'  style=\"\">L\u2019implication du C.A., la solidarit\u00e9 de la communaut\u00e9 et les b\u00e9n\u00e9voles permettrent relever le d\u00e9fi<\/h3><div class=\"ult-responsive timeline-item-spt\"  data-ultimate-target='#timeline-item-2020 .timeline-item-spt'  data-responsive-json-new='{\"font-size\":\"\",\"line-height\":\"\"}'  style=\"\">2002-2003\u00a0\u2013 Le d\u00e9part de Mme Janette Delisle am\u00e8ne une restructuration de l\u2019organisme. Toujours dans le but de poursuivre l\u2019oeuvre entreprise par les trois fondatrices, Rita, Andr\u00e9e et Nicole, le Relais doit encore une fois se retrousser les manches et avancer.<\/p>\n<p>Le Relais existe gr\u00e2ce \u00e0 la d\u00e9termination de plusieurs personnes qui ont particip\u00e9 et veill\u00e9 \u00e0 la bonne marche des services et des activit\u00e9s. Gr\u00e2ce \u00e0 l\u2019apport de plusieurs acteurs qui ont par leur implication investie au maintien de cette approche \u00ab\u00a0humaine\u00a0\u00bb qui est toujours associ\u00e9e au Relais.<\/div><\/div> <!-- header --><\/div><\/div><div class=\"timeline-block \"><div class=\"timeline-dot\"><\/div><div class=\"ult-timeline-arrow\"><s><\/s><l><\/l><\/div><div class=\"timeline-icon-block\"><div class=\"ult-timeline-icon \" style=\"   \"><div class=\"ult-just-icon-wrapper  \"><div class=\"align-icon\" style=\"text-align:center;\">\n<div class=\"aio-icon circle \"  style=\"color:#165102;background:#ffffff;font-size:25px;display:inline-block;\">\n\t<i class=\"Defaults-spinner\"><\/i>\n<\/div><\/div><\/div><\/div> <!-- icon --><\/div><div class=\"timeline-header-block\" >\n\t\t\t\t\t\t\t<div id=\"timeline-item-2019\" class=\"timeline-header\" style=\"\"><h3 class=\"ult-timeline-title ult-responsive\"  data-ultimate-target='#timeline-item-2019 .ult-timeline-title'  data-responsive-json-new='{\"font-size\":\"\",\"line-height\":\"\"}'  style=\"\">Une nouvelle \u00e9quipe prend la rel\u00e8ve<\/h3><div class=\"ult-responsive timeline-item-spt\"  data-ultimate-target='#timeline-item-2019 .timeline-item-spt'  data-responsive-json-new='{\"font-size\":\"\",\"line-height\":\"\"}'  style=\"\">Une r\u00e9organisation du personnel am\u00e8ne l\u2019embauche d\u2019une nouvelle directrice, le 17 septembre 2003, Mme\u00a0<strong>Denise Ouimet\u00a0<\/strong>et l\u2019embauche de nouveaux employ\u00e9s pour consolider l\u2019\u00e9quipe du personnel.<\/p>\n<p>En automne 2004, le Relais est reconnu comme centre de jour et b\u00e9n\u00e9ficie de nouvelles subventions.<\/p>\n<p>D\u00e9but janvier 2005 un nouveau coup dur pour le Relais l\u2019inondation de la friperie suite aux intemp\u00e9ries du nouvel an. L\u2019\u00e9quipe prend son courage et une grosse r\u00e9novation est entreprise car le tapis est endommag\u00e9 et doit \u00eatre remplac\u00e9. Nouvelles recherches de financement pour tout r\u00e9nover.<\/p>\n<p>Le changement de statut du relais en centre de jour, oblige une grosse restructuration car cela entraine l\u2019\u00e9largissement de la client\u00e8le. La nouvelle subvention ouvre les portes du Relais aux sans abris de Laval en leur fournissant une soupe sandwich, un refuge pour la journ\u00e9e et de l\u2019aide vestimentaire.<\/div><\/div> <!-- header --><\/div><\/div><\/div><div class=\"timeline-feature-item feat-item  \"><div class=\"feat-dot \"><div class=\"timeline-dot\"><\/div><\/div><div class=\"ult-timeline-arrow \"><s><\/s><l><\/l><\/div><div class=\"timeline-icon-block\"><div class=\"ult-timeline-icon tl-icon-no-bg\" style=\"   \"><\/div> <!-- icon --><\/div><div class=\"timeline-header-block\" >\n\t\t\t\t\t\t\t<div class=\"timeline-header\" id=\"timeline-featured-5734\"  style=\"\"><h3\n\t\t\t class=\"ult-timeline-title ult-responsive\"   data-ultimate-target='#timeline-featured-5734 .ult-timeline-title'  data-responsive-json-new='{\"font-size\":\"\",\"line-height\":\"\"}'  style=\"\">Au cours des changements, la mission n\u2019a jamais d\u00e9vi\u00e9e de sa ligne de pens\u00e9e.<\/h3><div class=\"ult-responsive custom-lht\"  data-ultimate-target='#timeline-featured-5734 .custom-lht'  data-responsive-json-new='{\"font-size\":\"\",\"line-height\":\"\"}'  style=\"\">Sans distinction de race, de couleur ou de religion l\u2019organisme maintient toujours les m\u00eames buts\u00a0:<\/p>\n<ul>\n<li>Accueillir chaleureusement les gens sans travail et les autres personnes d\u00e9favoris\u00e9es de Laval et leur offrir un repas substantiel en plus de leur distribuer des denr\u00e9es alimentaires.<\/li>\n<li>Leur faire prendre conscience de leurs possibilit\u00e9s, les orienter vers les services d\u00e9j\u00e0 existants et les soutenir dans leur d\u00e9marche.<\/li>\n<li>Faciliter pour certains le retour aux \u00e9tudes et pour d\u2019autres leur int\u00e9gration au march\u00e9 du travail en les mettant en contact avec les organismes d\u00e9j\u00e0 existants.<\/li>\n<li>Faire en sorte de travailler d\u2019arrache-pied pour que chacun et chacune d\u00e9couvrent sa propre identit\u00e9 et r\u00e9alisent jusqu\u2019\u00e0 quel point l\u2019\u00eatre humain est bourr\u00e9 de talents qui sommeillent en lui, lesquels ne demandent pas mieux que d\u2019\u00eatre exploit\u00e9s.<\/li>\n<li>Venir en aide, aux jeunes d\u00e9favoris\u00e9s du quartier.<\/li>\n<\/ul>\n<p><\/div><\/div> <!-- header --><\/div><\/div><div class=\"timeline-wrapper \"><\/div><\/div>\n\n\t\t<\/div>\n\t<\/div>\n<\/div><\/div><\/div><\/div><div class=\"vc_row wpb_row vc_row-fluid\"><div class=\"wpb_column vc_column_container vc_col-sm-12\"><div class=\"vc_column-inner \"><div class=\"wpb_wrapper\"><div class=\"vc_empty_space\"   style=\"height: 32px\"><span class=\"vc_empty_space_inner\"><\/span><\/div><\/div><\/div><\/div><\/div>\n","protected":false},"excerpt":{"rendered":"Le Relais Communautaire de LavalL'implication et la solidarit\u00e9 des actions cl\u00e9s pour\u00a0s\u2019adapter aux changement et poursuivre la mission d\u2019amour qui leur est transmise. Le grand c\u0153ur de nos fondatricesLors des [...]","protected":false},"author":3,"featured_media":0,"parent":9670,"menu_order":0,"comment_status":"closed","ping_status":"closed","template":"","meta":{"footnotes":""},"class_list":["post-9594","page","type-page","status-publish","hentry"],"jetpack_sharing_enabled":true,"_links":{"self":[{"href":"https:\/\/relais-communautaire.org\/page\/wp-json\/wp\/v2\/pages\/9594","targetHints":{"allow":["GET"]}}],"collection":[{"href":"https:\/\/relais-communautaire.org\/page\/wp-json\/wp\/v2\/pages"}],"about":[{"href":"https:\/\/relais-communautaire.org\/page\/wp-json\/wp\/v2\/types\/page"}],"author":[{"embeddable":true,"href":"https:\/\/relais-communautaire.org\/page\/wp-json\/wp\/v2\/users\/3"}],"replies":[{"embeddable":true,"href":"https:\/\/relais-communautaire.org\/page\/wp-json\/wp\/v2\/comments?post=9594"}],"version-history":[{"count":3,"href":"https:\/\/relais-communautaire.org\/page\/wp-json\/wp\/v2\/pages\/9594\/revisions"}],"predecessor-version":[{"id":13824,"href":"https:\/\/relais-communautaire.org\/page\/wp-json\/wp\/v2\/pages\/9594\/revisions\/13824"}],"up":[{"embeddable":true,"href":"https:\/\/relais-communautaire.org\/page\/wp-json\/wp\/v2\/pages\/9670"}],"wp:attachment":[{"href":"https:\/\/relais-communautaire.org\/page\/wp-json\/wp\/v2\/media?parent=9594"}],"curies":[{"name":"wp","href":"https:\/\/api.w.org\/{rel}","templated":true}]}}