{"id":9630,"date":"2017-08-28T19:41:53","date_gmt":"2017-08-28T18:41:53","guid":{"rendered":"http:\/\/relais-communautaire.org\/page\/?page_id=9630"},"modified":"2024-01-19T10:43:59","modified_gmt":"2024-01-19T15:43:59","slug":"intervention-sociale","status":"publish","type":"page","link":"https:\/\/relais-communautaire.org\/page\/services\/intervention-sociale\/","title":{"rendered":"Intervention sociale"},"content":{"rendered":"<h3 style=\"text-align: center;\"><img loading=\"lazy\" decoding=\"async\" class=\"wp-image-13992 aligncenter\" src=\"https:\/\/relais-communautaire.org\/page\/wp-content\/uploads\/2024\/01\/Intervention-sociale-300x160.jpg\" alt=\"\" width=\"435\" height=\"232\" srcset=\"https:\/\/relais-communautaire.org\/page\/wp-content\/uploads\/2024\/01\/Intervention-sociale-300x160.jpg 300w, https:\/\/relais-communautaire.org\/page\/wp-content\/uploads\/2024\/01\/Intervention-sociale-768x410.jpg 768w, https:\/\/relais-communautaire.org\/page\/wp-content\/uploads\/2024\/01\/Intervention-sociale.jpg 803w\" sizes=\"auto, (max-width: 435px) 100vw, 435px\" \/><\/h3>\n<h3 style=\"text-align: center;\">La personne est au c\u0153ur de chaque intervention<\/h3>\n<p style=\"text-align: justify;\">L&#8217;intervention est une d\u00e9marche individuelle et particuli\u00e8re qui est toujours adapt\u00e9e aux besoins de la personne sollicitant de l&#8217;aide. Lors d&#8217;une intervention, une approche d&#8217;\u00ab empowerment \u00bb est mise en place afin de mettre en valeur tout le potentiel de la personne. Gr\u00e2ce au soutien des intervenants, la personne peut se d\u00e9couvrir d&#8217;une autre fa\u00e7on et se r\u00e9inventer. De plus, elle sera toujours accompagn\u00e9e dans le respect de ses valeurs, sa culture, ses capacit\u00e9s, et son d\u00e9sir d&#8217;\u00e9voluer. Le sens de l&#8217;organisation, de la planification et de la gestion fait partie de nos objectifs au cours de l&#8217;intervention, o\u00f9 le lien de confiance est d\u00e9j\u00e0 \u00e9tabli. L&#8217;accompagnement personnalis\u00e9 et l&#8217;\u00e9coute active donnent la possibilit\u00e9 \u00e0 la personne demandant de l&#8217;aide de se sentir valoris\u00e9e.<\/p>\n<p style=\"text-align: justify;\">Nos intervenants sont form\u00e9s en continu afin de mieux r\u00e9pondre aux besoins d&#8217;une population diversifi\u00e9e. Sans jugement, les individus sont abord\u00e9s dans leur unicit\u00e9. \u00c9tant donn\u00e9 que la multitude de cultures est pr\u00e9sente au Relais, cela nous permet de nous enrichir nous-m\u00eames, en m\u00eame temps que notre client\u00e8le, car l&#8217;adaptabilit\u00e9 s&#8217;effectue en lien avec cette client\u00e8le venant des quatre coins du monde.<\/p>\n<p>Les mandats confi\u00e9s \u00e0 notre \u00e9quipe d&#8217;interventions sont les suivants :<\/p>\n<p>\u2713 Mettre en place une veille par les pairs facilitant le premier contact avec les personnes en difficult\u00e9 (rep\u00e9rage effectu\u00e9 par l&#8217;interm\u00e9diaire des membres).<\/p>\n<p>\u2713 Les accueillir.<\/p>\n<p>\u2713 Les \u00e9couter.<\/p>\n<p>\u2713 \u00c9valuer leur situation.<\/p>\n<p>\u2713 Leur pr\u00e9senter les solutions qui s&#8217;offrent \u00e0 eux.<\/p>\n<p>\u2713 V\u00e9rifier leur admissibilit\u00e9 \u00e0 nos services de soutien et proc\u00e9der \u00e0 leur inscription.<\/p>\n<p>\u2713 Les orienter, au besoin, vers des ressources disponibles dans la collectivit\u00e9.<\/p>\n<p><strong>HORAIRE D&#8217;INTERVENTION<\/strong> :<\/p>\n<p>Lundi :\u00a0 \u00a0 \u00a0 \u00a0 \u00a08 h 30 \u00e0 16 h<\/p>\n<p>Mardi :\u00a0 \u00a0 \u00a0 \u00a0 \u00a08 h 30 \u00e0 16 h 30<\/p>\n<p>Mercredi:\u00a0 \u00a0 \u00a0Pas d&#8217;intervention<\/p>\n<p>Jeudi :\u00a0 \u00a0 \u00a0 \u00a0 \u00a0 8 h 30 \u00e0 16 h 30<\/p>\n<p>Vendredi :\u00a0 \u00a0 8 h 30 \u00e0 16 h<\/p>\n","protected":false},"excerpt":{"rendered":"<p>La personne est au c\u0153ur de chaque intervention L&#8217;intervention est une d\u00e9marche individuelle et particuli\u00e8re qui est toujours adapt\u00e9e aux besoins de la personne sollicitant de l&#8217;aide. Lors d&#8217;une intervention, [&hellip;]<\/p>\n","protected":false},"author":3,"featured_media":0,"parent":9625,"menu_order":0,"comment_status":"closed","ping_status":"closed","template":"tpl-sidenavigation.php","meta":{"footnotes":""},"class_list":["post-9630","page","type-page","status-publish","hentry"],"jetpack_sharing_enabled":true,"_links":{"self":[{"href":"https:\/\/relais-communautaire.org\/page\/wp-json\/wp\/v2\/pages\/9630","targetHints":{"allow":["GET"]}}],"collection":[{"href":"https:\/\/relais-communautaire.org\/page\/wp-json\/wp\/v2\/pages"}],"about":[{"href":"https:\/\/relais-communautaire.org\/page\/wp-json\/wp\/v2\/types\/page"}],"author":[{"embeddable":true,"href":"https:\/\/relais-communautaire.org\/page\/wp-json\/wp\/v2\/users\/3"}],"replies":[{"embeddable":true,"href":"https:\/\/relais-communautaire.org\/page\/wp-json\/wp\/v2\/comments?post=9630"}],"version-history":[{"count":7,"href":"https:\/\/relais-communautaire.org\/page\/wp-json\/wp\/v2\/pages\/9630\/revisions"}],"predecessor-version":[{"id":14002,"href":"https:\/\/relais-communautaire.org\/page\/wp-json\/wp\/v2\/pages\/9630\/revisions\/14002"}],"up":[{"embeddable":true,"href":"https:\/\/relais-communautaire.org\/page\/wp-json\/wp\/v2\/pages\/9625"}],"wp:attachment":[{"href":"https:\/\/relais-communautaire.org\/page\/wp-json\/wp\/v2\/media?parent=9630"}],"curies":[{"name":"wp","href":"https:\/\/api.w.org\/{rel}","templated":true}]}}