{"id":9636,"date":"2017-08-28T19:44:18","date_gmt":"2017-08-28T18:44:18","guid":{"rendered":"http:\/\/relais-communautaire.org\/page\/?page_id=9636"},"modified":"2024-09-10T18:21:57","modified_gmt":"2024-09-10T22:21:57","slug":"centre-du-jour","status":"publish","type":"page","link":"https:\/\/relais-communautaire.org\/page\/services\/centre-du-jour\/","title":{"rendered":"Centre de jour"},"content":{"rendered":"<div class=\"vc_row wpb_row vc_row-fluid\"><div class=\"wpb_column vc_column_container vc_col-sm-12\"><div class=\"vc_column-inner \"><div class=\"wpb_wrapper\">\n\t<div class=\"wpb_text_column wpb_content_element \" >\n\t\t<div class=\"wpb_wrapper\">\n\t\t\t<p>Le <strong>Centre de jour<\/strong> s\u2019appuie sur la g\u00e9n\u00e9rosit\u00e9 de professionnels issus de diff\u00e9rents milieux qui viennent offrir des services de qualit\u00e9 et \u00e0 faible co\u00fbt pour nos membres ainsi qu\u2019aux r\u00e9sidents lavallois.<\/p>\n<p>Bien que nous nous effor\u00e7ons de maintenir les activit\u00e9s aux dates pr\u00e9vues, ces activit\u00e9s d\u00e9pendent de la disponibilit\u00e9 de nos b\u00e9n\u00e9voles et partenaires. Il est donc conseill\u00e9 de consulter le calendrier des activit\u00e9s avant de vous pr\u00e9senter pour obtenir l\u2019horaire \u00e0 jour.<\/p>\n\n\t\t<\/div>\n\t<\/div>\n<\/div><\/div><\/div><div class=\"wpb_column vc_column_container vc_col-sm-12\"><div class=\"vc_column-inner \"><div class=\"wpb_wrapper\"><h2 style=\"text-align: center;font-family:Abril Fatface;font-weight:400;font-style:normal\" class=\"vc_custom_heading\">Sant\u00e9 - Relais - Beaut\u00e9<\/h2><\/div><\/div><\/div><\/div><div class=\"vc_row wpb_row vc_row-fluid\"><div class=\"wpb_column vc_column_container vc_col-sm-3\"><div class=\"vc_column-inner \"><div class=\"wpb_wrapper\"><\/div><\/div><\/div><div class=\"wpb_column vc_column_container vc_col-sm-3\"><div class=\"vc_column-inner \"><div class=\"wpb_wrapper\">\n\t<div  class=\"wpb_single_image wpb_content_element vc_align_left\">\n\t\t\n\t\t<figure class=\"wpb_wrapper vc_figure\">\n\t\t\t<a class=\"\" data-lightbox=\"lightbox[rel-9636-1408322081]\" href=\"https:\/\/relais-communautaire.org\/page\/wp-content\/uploads\/2024\/09\/1-576x1024.png\" target=\"_self\" class=\"vc_single_image-wrapper   vc_box_border_grey\"><img loading=\"lazy\" decoding=\"async\" width=\"1080\" height=\"1920\" src=\"https:\/\/relais-communautaire.org\/page\/wp-content\/uploads\/2024\/09\/1.png\" class=\"vc_single_image-img attachment-full\" alt=\"\" srcset=\"https:\/\/relais-communautaire.org\/page\/wp-content\/uploads\/2024\/09\/1.png 1080w, https:\/\/relais-communautaire.org\/page\/wp-content\/uploads\/2024\/09\/1-169x300.png 169w, https:\/\/relais-communautaire.org\/page\/wp-content\/uploads\/2024\/09\/1-576x1024.png 576w, https:\/\/relais-communautaire.org\/page\/wp-content\/uploads\/2024\/09\/1-768x1365.png 768w, https:\/\/relais-communautaire.org\/page\/wp-content\/uploads\/2024\/09\/1-864x1536.png 864w\" sizes=\"auto, (max-width: 1080px) 100vw, 1080px\" \/><\/a>\n\t\t<\/figure>\n\t<\/div>\n<\/div><\/div><\/div><div class=\"wpb_column vc_column_container vc_col-sm-3\"><div class=\"vc_column-inner \"><div class=\"wpb_wrapper\">\n\t<div  class=\"wpb_single_image wpb_content_element vc_align_left\">\n\t\t\n\t\t<figure class=\"wpb_wrapper vc_figure\">\n\t\t\t<a class=\"\" data-lightbox=\"lightbox[rel-9636-518160267]\" href=\"https:\/\/relais-communautaire.org\/page\/wp-content\/uploads\/2024\/09\/Liste-de-prix-2024-576x1024.png\" target=\"_self\" class=\"vc_single_image-wrapper   vc_box_border_grey\"><img loading=\"lazy\" decoding=\"async\" width=\"1080\" height=\"1920\" src=\"https:\/\/relais-communautaire.org\/page\/wp-content\/uploads\/2024\/09\/Liste-de-prix-2024.png\" class=\"vc_single_image-img attachment-full\" alt=\"\" srcset=\"https:\/\/relais-communautaire.org\/page\/wp-content\/uploads\/2024\/09\/Liste-de-prix-2024.png 1080w, https:\/\/relais-communautaire.org\/page\/wp-content\/uploads\/2024\/09\/Liste-de-prix-2024-169x300.png 169w, https:\/\/relais-communautaire.org\/page\/wp-content\/uploads\/2024\/09\/Liste-de-prix-2024-576x1024.png 576w, https:\/\/relais-communautaire.org\/page\/wp-content\/uploads\/2024\/09\/Liste-de-prix-2024-768x1365.png 768w, https:\/\/relais-communautaire.org\/page\/wp-content\/uploads\/2024\/09\/Liste-de-prix-2024-864x1536.png 864w\" sizes=\"auto, (max-width: 1080px) 100vw, 1080px\" \/><\/a>\n\t\t<\/figure>\n\t<\/div>\n<\/div><\/div><\/div><div class=\"wpb_column vc_column_container vc_col-sm-3\"><div class=\"vc_column-inner \"><div class=\"wpb_wrapper\"><\/div><\/div><\/div><\/div><div class=\"vc_row wpb_row vc_row-fluid\"><div class=\"wpb_column vc_column_container vc_col-sm-12\"><div class=\"vc_column-inner \"><div class=\"wpb_wrapper\"><div class=\"vc_separator wpb_content_element vc_separator_align_center vc_sep_width_100 vc_sep_pos_align_center vc_separator_no_text vc_sep_color_grey\" ><span class=\"vc_sep_holder vc_sep_holder_l\"><span  class=\"vc_sep_line\"><\/span><\/span><span class=\"vc_sep_holder vc_sep_holder_r\"><span  class=\"vc_sep_line\"><\/span><\/span>\n<\/div><h2 style=\"text-align: center;font-family:Abril Fatface;font-weight:400;font-style:normal\" class=\"vc_custom_heading\">Ateliers - Automne 2024<\/h2><\/div><\/div><\/div><\/div><div class=\"vc_row wpb_row vc_row-fluid\"><div class=\"wpb_column vc_column_container vc_col-sm-4\"><div class=\"vc_column-inner \"><div class=\"wpb_wrapper\"><h3 style=\"color: #2e9630;text-align: center\" class=\"vc_custom_heading\">Caf\u00e9-rencontre 2024-2025<\/h3>\n\t<div  class=\"wpb_single_image wpb_content_element vc_align_left\">\n\t\t\n\t\t<figure class=\"wpb_wrapper vc_figure\">\n\t\t\t<a class=\"\" data-lightbox=\"lightbox[rel-9636-1511057742]\" href=\"https:\/\/relais-communautaire.org\/page\/wp-content\/uploads\/2024\/09\/Cafe-rencontre-2024-2025-662x1024.png\" target=\"_self\" class=\"vc_single_image-wrapper   vc_box_border_grey\"><img loading=\"lazy\" decoding=\"async\" width=\"662\" height=\"1024\" src=\"https:\/\/relais-communautaire.org\/page\/wp-content\/uploads\/2024\/09\/Cafe-rencontre-2024-2025-662x1024.png\" class=\"vc_single_image-img attachment-large\" alt=\"\" srcset=\"https:\/\/relais-communautaire.org\/page\/wp-content\/uploads\/2024\/09\/Cafe-rencontre-2024-2025-662x1024.png 662w, https:\/\/relais-communautaire.org\/page\/wp-content\/uploads\/2024\/09\/Cafe-rencontre-2024-2025-194x300.png 194w, https:\/\/relais-communautaire.org\/page\/wp-content\/uploads\/2024\/09\/Cafe-rencontre-2024-2025-768x1187.png 768w, https:\/\/relais-communautaire.org\/page\/wp-content\/uploads\/2024\/09\/Cafe-rencontre-2024-2025-994x1536.png 994w, https:\/\/relais-communautaire.org\/page\/wp-content\/uploads\/2024\/09\/Cafe-rencontre-2024-2025.png 1132w\" sizes=\"auto, (max-width: 662px) 100vw, 662px\" \/><\/a>\n\t\t<\/figure>\n\t<\/div>\n<\/div><\/div><\/div><div class=\"wpb_column vc_column_container vc_col-sm-4\"><div class=\"vc_column-inner \"><div class=\"wpb_wrapper\"><h3 style=\"color: #2e9630;text-align: center\" class=\"vc_custom_heading\">Conversation en fran\u00e7ais<\/h3>\n\t<div  class=\"wpb_single_image wpb_content_element vc_align_left\">\n\t\t\n\t\t<figure class=\"wpb_wrapper vc_figure\">\n\t\t\t<a class=\"\" data-lightbox=\"lightbox[rel-9636-2649848280]\" href=\"https:\/\/relais-communautaire.org\/page\/wp-content\/uploads\/2024\/09\/Atelier-conversation-en-francais-662x1024.png\" target=\"_self\" class=\"vc_single_image-wrapper   vc_box_border_grey\"><img loading=\"lazy\" decoding=\"async\" width=\"662\" height=\"1024\" src=\"https:\/\/relais-communautaire.org\/page\/wp-content\/uploads\/2024\/09\/Atelier-conversation-en-francais-662x1024.png\" class=\"vc_single_image-img attachment-large\" alt=\"\" srcset=\"https:\/\/relais-communautaire.org\/page\/wp-content\/uploads\/2024\/09\/Atelier-conversation-en-francais-662x1024.png 662w, https:\/\/relais-communautaire.org\/page\/wp-content\/uploads\/2024\/09\/Atelier-conversation-en-francais-194x300.png 194w, https:\/\/relais-communautaire.org\/page\/wp-content\/uploads\/2024\/09\/Atelier-conversation-en-francais-768x1187.png 768w, https:\/\/relais-communautaire.org\/page\/wp-content\/uploads\/2024\/09\/Atelier-conversation-en-francais-994x1536.png 994w, https:\/\/relais-communautaire.org\/page\/wp-content\/uploads\/2024\/09\/Atelier-conversation-en-francais.png 1132w\" sizes=\"auto, (max-width: 662px) 100vw, 662px\" \/><\/a>\n\t\t<\/figure>\n\t<\/div>\n<\/div><\/div><\/div><div class=\"wpb_column vc_column_container vc_col-sm-4\"><div class=\"vc_column-inner \"><div class=\"wpb_wrapper\"><h3 style=\"color: #2e9630;text-align: center\" class=\"vc_custom_heading\">Transformation de meubles<\/h3>\n\t<div  class=\"wpb_single_image wpb_content_element vc_align_left\">\n\t\t\n\t\t<figure class=\"wpb_wrapper vc_figure\">\n\t\t\t<a class=\"\" data-lightbox=\"lightbox[rel-9636-2891823341]\" href=\"https:\/\/relais-communautaire.org\/page\/wp-content\/uploads\/2024\/09\/Transformation-de-meubles-662x1024.png\" target=\"_self\" class=\"vc_single_image-wrapper   vc_box_border_grey\"><img loading=\"lazy\" decoding=\"async\" width=\"662\" height=\"1024\" src=\"https:\/\/relais-communautaire.org\/page\/wp-content\/uploads\/2024\/09\/Transformation-de-meubles-662x1024.png\" class=\"vc_single_image-img attachment-large\" alt=\"\" srcset=\"https:\/\/relais-communautaire.org\/page\/wp-content\/uploads\/2024\/09\/Transformation-de-meubles-662x1024.png 662w, https:\/\/relais-communautaire.org\/page\/wp-content\/uploads\/2024\/09\/Transformation-de-meubles-194x300.png 194w, https:\/\/relais-communautaire.org\/page\/wp-content\/uploads\/2024\/09\/Transformation-de-meubles-768x1187.png 768w, https:\/\/relais-communautaire.org\/page\/wp-content\/uploads\/2024\/09\/Transformation-de-meubles-994x1536.png 994w, https:\/\/relais-communautaire.org\/page\/wp-content\/uploads\/2024\/09\/Transformation-de-meubles.png 1132w\" sizes=\"auto, (max-width: 662px) 100vw, 662px\" \/><\/a>\n\t\t<\/figure>\n\t<\/div>\n<\/div><\/div><\/div><\/div><div class=\"vc_row wpb_row vc_row-fluid\"><div class=\"wpb_column vc_column_container vc_col-sm-4\"><div class=\"vc_column-inner \"><div class=\"wpb_wrapper\"><h3 style=\"color: #2e9630;text-align: center\" class=\"vc_custom_heading\">Atelier de cuisine \u00e9cono-bouffe<\/h3>\n\t<div  class=\"wpb_single_image wpb_content_element vc_align_left\">\n\t\t\n\t\t<figure class=\"wpb_wrapper vc_figure\">\n\t\t\t<a class=\"\" data-lightbox=\"lightbox[rel-9636-735750595]\" href=\"https:\/\/relais-communautaire.org\/page\/wp-content\/uploads\/2024\/09\/Econobouffe-662x1024.png\" target=\"_self\" class=\"vc_single_image-wrapper   vc_box_border_grey\"><img loading=\"lazy\" decoding=\"async\" width=\"662\" height=\"1024\" src=\"https:\/\/relais-communautaire.org\/page\/wp-content\/uploads\/2024\/09\/Econobouffe-662x1024.png\" class=\"vc_single_image-img attachment-large\" alt=\"\" srcset=\"https:\/\/relais-communautaire.org\/page\/wp-content\/uploads\/2024\/09\/Econobouffe-662x1024.png 662w, https:\/\/relais-communautaire.org\/page\/wp-content\/uploads\/2024\/09\/Econobouffe-194x300.png 194w, https:\/\/relais-communautaire.org\/page\/wp-content\/uploads\/2024\/09\/Econobouffe-768x1187.png 768w, https:\/\/relais-communautaire.org\/page\/wp-content\/uploads\/2024\/09\/Econobouffe-994x1536.png 994w, https:\/\/relais-communautaire.org\/page\/wp-content\/uploads\/2024\/09\/Econobouffe.png 1132w\" sizes=\"auto, (max-width: 662px) 100vw, 662px\" \/><\/a>\n\t\t<\/figure>\n\t<\/div>\n<\/div><\/div><\/div><div class=\"wpb_column vc_column_container vc_col-sm-4\"><div class=\"vc_column-inner \"><div class=\"wpb_wrapper\"><h3 style=\"color: #2e9630;text-align: center\" class=\"vc_custom_heading\">D\u00e9veloppement personnel<\/h3>\n\t<div  class=\"wpb_single_image wpb_content_element vc_align_left\">\n\t\t\n\t\t<figure class=\"wpb_wrapper vc_figure\">\n\t\t\t<a class=\"\" data-lightbox=\"lightbox[rel-9636-1088771298]\" href=\"https:\/\/relais-communautaire.org\/page\/wp-content\/uploads\/2024\/09\/Developpement-personnel-662x1024.png\" target=\"_self\" class=\"vc_single_image-wrapper   vc_box_border_grey\"><img loading=\"lazy\" decoding=\"async\" width=\"662\" height=\"1024\" src=\"https:\/\/relais-communautaire.org\/page\/wp-content\/uploads\/2024\/09\/Developpement-personnel-662x1024.png\" class=\"vc_single_image-img attachment-large\" alt=\"\" srcset=\"https:\/\/relais-communautaire.org\/page\/wp-content\/uploads\/2024\/09\/Developpement-personnel-662x1024.png 662w, https:\/\/relais-communautaire.org\/page\/wp-content\/uploads\/2024\/09\/Developpement-personnel-194x300.png 194w, https:\/\/relais-communautaire.org\/page\/wp-content\/uploads\/2024\/09\/Developpement-personnel-768x1187.png 768w, https:\/\/relais-communautaire.org\/page\/wp-content\/uploads\/2024\/09\/Developpement-personnel-994x1536.png 994w, https:\/\/relais-communautaire.org\/page\/wp-content\/uploads\/2024\/09\/Developpement-personnel.png 1132w\" sizes=\"auto, (max-width: 662px) 100vw, 662px\" \/><\/a>\n\t\t<\/figure>\n\t<\/div>\n<\/div><\/div><\/div><div class=\"wpb_column vc_column_container vc_col-sm-4\"><div class=\"vc_column-inner \"><div class=\"wpb_wrapper\"><h3 style=\"color: #2e9630;text-align: center\" class=\"vc_custom_heading\">Club de tricot<\/h3>\n\t<div  class=\"wpb_single_image wpb_content_element vc_align_left\">\n\t\t\n\t\t<figure class=\"wpb_wrapper vc_figure\">\n\t\t\t<a class=\"\" data-lightbox=\"lightbox[rel-9636-3761625094]\" href=\"https:\/\/relais-communautaire.org\/page\/wp-content\/uploads\/2024\/09\/Club-de-tricot-662x1024.png\" target=\"_self\" class=\"vc_single_image-wrapper   vc_box_border_grey\"><img loading=\"lazy\" decoding=\"async\" width=\"662\" height=\"1024\" src=\"https:\/\/relais-communautaire.org\/page\/wp-content\/uploads\/2024\/09\/Club-de-tricot-662x1024.png\" class=\"vc_single_image-img attachment-large\" alt=\"\" srcset=\"https:\/\/relais-communautaire.org\/page\/wp-content\/uploads\/2024\/09\/Club-de-tricot-662x1024.png 662w, https:\/\/relais-communautaire.org\/page\/wp-content\/uploads\/2024\/09\/Club-de-tricot-194x300.png 194w, https:\/\/relais-communautaire.org\/page\/wp-content\/uploads\/2024\/09\/Club-de-tricot-768x1187.png 768w, https:\/\/relais-communautaire.org\/page\/wp-content\/uploads\/2024\/09\/Club-de-tricot-994x1536.png 994w, https:\/\/relais-communautaire.org\/page\/wp-content\/uploads\/2024\/09\/Club-de-tricot.png 1132w\" sizes=\"auto, (max-width: 662px) 100vw, 662px\" \/><\/a>\n\t\t<\/figure>\n\t<\/div>\n<\/div><\/div><\/div><\/div><div class=\"vc_row wpb_row vc_row-fluid\"><div class=\"wpb_column vc_column_container vc_col-sm-4\"><div class=\"vc_column-inner \"><div class=\"wpb_wrapper\"><h3 style=\"color: #2e9630;text-align: center\" class=\"vc_custom_heading\">Atelier de peinture<\/h3>\n\t<div  class=\"wpb_single_image wpb_content_element vc_align_left\">\n\t\t\n\t\t<figure class=\"wpb_wrapper vc_figure\">\n\t\t\t<a class=\"\" data-lightbox=\"lightbox[rel-9636-507523529]\" href=\"https:\/\/relais-communautaire.org\/page\/wp-content\/uploads\/2024\/09\/Atelier-peinture-662x1024.png\" target=\"_self\" class=\"vc_single_image-wrapper   vc_box_border_grey\"><img loading=\"lazy\" decoding=\"async\" width=\"662\" height=\"1024\" src=\"https:\/\/relais-communautaire.org\/page\/wp-content\/uploads\/2024\/09\/Atelier-peinture-662x1024.png\" class=\"vc_single_image-img attachment-large\" alt=\"\" srcset=\"https:\/\/relais-communautaire.org\/page\/wp-content\/uploads\/2024\/09\/Atelier-peinture-662x1024.png 662w, https:\/\/relais-communautaire.org\/page\/wp-content\/uploads\/2024\/09\/Atelier-peinture-194x300.png 194w, https:\/\/relais-communautaire.org\/page\/wp-content\/uploads\/2024\/09\/Atelier-peinture-768x1187.png 768w, https:\/\/relais-communautaire.org\/page\/wp-content\/uploads\/2024\/09\/Atelier-peinture-994x1536.png 994w, https:\/\/relais-communautaire.org\/page\/wp-content\/uploads\/2024\/09\/Atelier-peinture.png 1132w\" sizes=\"auto, (max-width: 662px) 100vw, 662px\" \/><\/a>\n\t\t<\/figure>\n\t<\/div>\n<\/div><\/div><\/div><div class=\"wpb_column vc_column_container vc_col-sm-4\"><div class=\"vc_column-inner \"><div class=\"wpb_wrapper\"><h3 style=\"color: #2e9630;text-align: center\" class=\"vc_custom_heading\">Cours de couture<\/h3>\n\t<div  class=\"wpb_single_image wpb_content_element vc_align_left\">\n\t\t\n\t\t<figure class=\"wpb_wrapper vc_figure\">\n\t\t\t<a class=\"\" data-lightbox=\"lightbox[rel-9636-4027689694]\" href=\"https:\/\/relais-communautaire.org\/page\/wp-content\/uploads\/2024\/09\/Cours-de-couture-662x1024.png\" target=\"_self\" class=\"vc_single_image-wrapper   vc_box_border_grey\"><img loading=\"lazy\" decoding=\"async\" width=\"662\" height=\"1024\" src=\"https:\/\/relais-communautaire.org\/page\/wp-content\/uploads\/2024\/09\/Cours-de-couture-662x1024.png\" class=\"vc_single_image-img attachment-large\" alt=\"\" srcset=\"https:\/\/relais-communautaire.org\/page\/wp-content\/uploads\/2024\/09\/Cours-de-couture-662x1024.png 662w, https:\/\/relais-communautaire.org\/page\/wp-content\/uploads\/2024\/09\/Cours-de-couture-194x300.png 194w, https:\/\/relais-communautaire.org\/page\/wp-content\/uploads\/2024\/09\/Cours-de-couture-768x1187.png 768w, https:\/\/relais-communautaire.org\/page\/wp-content\/uploads\/2024\/09\/Cours-de-couture-994x1536.png 994w, https:\/\/relais-communautaire.org\/page\/wp-content\/uploads\/2024\/09\/Cours-de-couture.png 1132w\" sizes=\"auto, (max-width: 662px) 100vw, 662px\" \/><\/a>\n\t\t<\/figure>\n\t<\/div>\n<\/div><\/div><\/div><div class=\"wpb_column vc_column_container vc_col-sm-4\"><div class=\"vc_column-inner \"><div class=\"wpb_wrapper\"><h3 style=\"color: #2e9630;text-align: center\" class=\"vc_custom_heading\">Petites r\u00e9parations des v\u00eatements <\/h3>\n\t<div  class=\"wpb_single_image wpb_content_element vc_align_left\">\n\t\t\n\t\t<figure class=\"wpb_wrapper vc_figure\">\n\t\t\t<a class=\"\" data-lightbox=\"lightbox[rel-9636-4171921546]\" href=\"https:\/\/relais-communautaire.org\/page\/wp-content\/uploads\/2024\/09\/Reparation-des-vetements-662x1024.png\" target=\"_self\" class=\"vc_single_image-wrapper   vc_box_border_grey\"><img loading=\"lazy\" decoding=\"async\" width=\"662\" height=\"1024\" src=\"https:\/\/relais-communautaire.org\/page\/wp-content\/uploads\/2024\/09\/Reparation-des-vetements-662x1024.png\" class=\"vc_single_image-img attachment-large\" alt=\"\" srcset=\"https:\/\/relais-communautaire.org\/page\/wp-content\/uploads\/2024\/09\/Reparation-des-vetements-662x1024.png 662w, https:\/\/relais-communautaire.org\/page\/wp-content\/uploads\/2024\/09\/Reparation-des-vetements-194x300.png 194w, https:\/\/relais-communautaire.org\/page\/wp-content\/uploads\/2024\/09\/Reparation-des-vetements-768x1187.png 768w, https:\/\/relais-communautaire.org\/page\/wp-content\/uploads\/2024\/09\/Reparation-des-vetements-994x1536.png 994w, https:\/\/relais-communautaire.org\/page\/wp-content\/uploads\/2024\/09\/Reparation-des-vetements.png 1132w\" sizes=\"auto, (max-width: 662px) 100vw, 662px\" \/><\/a>\n\t\t<\/figure>\n\t<\/div>\n<\/div><\/div><\/div><\/div><div class=\"vc_row wpb_row vc_row-fluid\"><div class=\"wpb_column vc_column_container vc_col-sm-12\"><div class=\"vc_column-inner \"><div class=\"wpb_wrapper\"><div class=\"vc_separator wpb_content_element vc_separator_align_center vc_sep_width_100 vc_sep_pos_align_center vc_separator_no_text vc_sep_color_grey\" ><span class=\"vc_sep_holder vc_sep_holder_l\"><span  class=\"vc_sep_line\"><\/span><\/span><span class=\"vc_sep_holder vc_sep_holder_r\"><span  class=\"vc_sep_line\"><\/span><\/span>\n<\/div><h2 style=\"text-align: center;font-family:Abril Fatface;font-weight:400;font-style:normal\" class=\"vc_custom_heading\">En partenariat<\/h2><\/div><\/div><\/div><\/div><div class=\"vc_row wpb_row vc_row-fluid\"><div class=\"wpb_column vc_column_container vc_col-sm-4\"><div class=\"vc_column-inner \"><div class=\"wpb_wrapper\"><\/div><\/div><\/div><div class=\"wpb_column vc_column_container vc_col-sm-4\"><div class=\"vc_column-inner \"><div class=\"wpb_wrapper\"><h3 style=\"color: #2e9630;text-align: center\" class=\"vc_custom_heading\">Bonhomme \u00e0 lunettes<\/h3><div class=\"vc-hoverbox-wrapper  vc-hoverbox-shape--rounded vc-hoverbox-align--center vc-hoverbox-direction--default vc-hoverbox-width--100\"  ontouchstart=\"\">\n  <div class=\"vc-hoverbox\">\n    <div class=\"vc-hoverbox-inner\">\n      <div class=\"vc-hoverbox-block vc-hoverbox-front\" style=\"background-image: url(https:\/\/relais-communautaire.org\/page\/wp-content\/uploads\/2017\/08\/Bonhomme.jpg);\">\n        <div class=\"vc-hoverbox-block-inner vc-hoverbox-front-inner\">\n            \n        <\/div>\n      <\/div>\n      <div class=\"vc-hoverbox-block vc-hoverbox-back\" style=\"background-color: #ebebeb;\">\n        <div class=\"vc-hoverbox-block-inner vc-hoverbox-back-inner\">\n            \n            <p style=\"text-align: left;\">Tous les <strong>mercredis<\/strong> de <strong>13h30 \u00e0 16h00<\/strong>, le bonhomme \u00e0 lunettes offre des services de lunettes \u00e0 prix modique.<\/p>\n<p>Rez-de-chauss\u00e9e. Premier arriv\u00e9, premier servi.<\/p>\n\n            \n        <\/div>\n      <\/div>\n    <\/div>\n  <\/div>\n<\/div><\/div><\/div><\/div><div class=\"wpb_column vc_column_container vc_col-sm-4\"><div class=\"vc_column-inner \"><div class=\"wpb_wrapper\"><\/div><\/div><\/div><\/div>\n","protected":false},"excerpt":{"rendered":"Le Centre de jour s\u2019appuie sur la g\u00e9n\u00e9rosit\u00e9 de professionnels issus de diff\u00e9rents milieux qui viennent offrir des services de qualit\u00e9 et \u00e0 faible co\u00fbt pour nos membres ainsi qu\u2019aux [...]","protected":false},"author":3,"featured_media":0,"parent":9625,"menu_order":0,"comment_status":"closed","ping_status":"closed","template":"tpl-sidenavigation.php","meta":{"footnotes":""},"class_list":["post-9636","page","type-page","status-publish","hentry"],"jetpack_sharing_enabled":true,"_links":{"self":[{"href":"https:\/\/relais-communautaire.org\/page\/wp-json\/wp\/v2\/pages\/9636","targetHints":{"allow":["GET"]}}],"collection":[{"href":"https:\/\/relais-communautaire.org\/page\/wp-json\/wp\/v2\/pages"}],"about":[{"href":"https:\/\/relais-communautaire.org\/page\/wp-json\/wp\/v2\/types\/page"}],"author":[{"embeddable":true,"href":"https:\/\/relais-communautaire.org\/page\/wp-json\/wp\/v2\/users\/3"}],"replies":[{"embeddable":true,"href":"https:\/\/relais-communautaire.org\/page\/wp-json\/wp\/v2\/comments?post=9636"}],"version-history":[{"count":19,"href":"https:\/\/relais-communautaire.org\/page\/wp-json\/wp\/v2\/pages\/9636\/revisions"}],"predecessor-version":[{"id":14293,"href":"https:\/\/relais-communautaire.org\/page\/wp-json\/wp\/v2\/pages\/9636\/revisions\/14293"}],"up":[{"embeddable":true,"href":"https:\/\/relais-communautaire.org\/page\/wp-json\/wp\/v2\/pages\/9625"}],"wp:attachment":[{"href":"https:\/\/relais-communautaire.org\/page\/wp-json\/wp\/v2\/media?parent=9636"}],"curies":[{"name":"wp","href":"https:\/\/api.w.org\/{rel}","templated":true}]}}