{"id":9678,"date":"2017-08-28T20:55:41","date_gmt":"2017-08-28T19:55:41","guid":{"rendered":"http:\/\/relais-communautaire.org\/page\/?page_id=9678"},"modified":"2024-01-19T14:58:55","modified_gmt":"2024-01-19T19:58:55","slug":"programmes","status":"publish","type":"page","link":"https:\/\/relais-communautaire.org\/page\/programmes-et-projects\/programmes\/","title":{"rendered":"R\u00e9insertion sociale"},"content":{"rendered":"<div class=\"vc_row wpb_row vc_row-fluid\"><div class=\"wpb_column vc_column_container vc_col-sm-12\"><div class=\"vc_column-inner \"><div class=\"wpb_wrapper\"><div class='dt-sc-title with-right-border-decor '><h2>R\u00e9insertion sociale<\/h2><p>Le programme de r\u00e9insertion sociale permet aux personnes en situation\u00a0vuln\u00e9rabilit\u00e9 d\u2019accro\u00eetre leurs comp\u00e9tences tout en aidant leur communaut\u00e9. Ces individus requi\u00e8rent des suivis, de l\u2019accompagnement et des formations. Selon leur rythme, les participants de ce programme peuvent ainsi d\u00e9velopper leurs comp\u00e9tences et leurs qualifications au sein des diff\u00e9rents plateaux de travail.<\/p><\/div><\/div><\/div><\/div><div class=\"wpb_column vc_column_container vc_col-sm-12\"><div class=\"vc_column-inner \"><div class=\"wpb_wrapper\"><\/div><\/div><\/div><\/div><div class=\"vc_row wpb_row vc_row-fluid\"><div class=\"wpb_column vc_column_container vc_col-sm-6\"><div class=\"vc_column-inner \"><div class=\"wpb_wrapper\"><div class='dt-sc-title script-with-sub-title '><h2>Mesures jeunesse, travaux compensatoires, travaux communautaires et service correctionnel du Canada<\/h2><h6><\/h6><\/div>\n\t<div class=\"wpb_text_column wpb_content_element \" >\n\t\t<div class=\"wpb_wrapper\">\n\t\t\t<p>Le Relais Communautaire de Laval est un organisme d\u2019accueil pour les citoyens engag\u00e9s dans les programmes de travaux compensatoires, de travaux communautaires, dans les mesures alternatives jeunesse ou le service correctionnel du Canada. Nous\u00a0offrons\u00a0\u00e0 des citoyens\u00a0la possibilit\u00e9 d\u2019effectuer diff\u00e9rents travaux au sein de l\u2019organisme.\u00a0Un minimum de 20 heures\/semaine est exig\u00e9.<\/p>\n<p>&nbsp;<\/p>\n<p>D\u00e9partements (selon la disponibilit\u00e9)<\/p>\n<ul>\n<li>Tri alimentaire<\/li>\n<li>Carrefour des Aubaines<\/li>\n<li>Cuisine<\/li>\n<li>Entretien<\/li>\n<\/ul>\n<p>Travaux manuels g\u00e9n\u00e9raux:<\/p>\n<ul>\n<li>Aide \u00e0 la conciergerie<\/li>\n<li>Transport de meubles, tri des v\u00eatements, am\u00e9nagement du Carrefour<\/li>\n<li>Entretien int\u00e9rieur et ext\u00e9rieur<\/li>\n<li>Aide aux cuisines et \u00e0 la plonge<\/li>\n<\/ul>\n<p><strong>Doit \u00eatre r\u00e9f\u00e9r\u00e9 par un agent: du Centre de b\u00e9n\u00e9volat, des Mesures alternatives jeunesse, du Minist\u00e8re de la s\u00e9curit\u00e9 publique ou le Service correctionnel du Canada.<\/strong><\/p>\n\n\t\t<\/div>\n\t<\/div>\n<\/div><\/div><\/div><div class=\"wpb_column vc_column_container vc_col-sm-6\"><div class=\"vc_column-inner \"><div class=\"wpb_wrapper\"><div class='dt-sc-title script-with-sub-title '><h2>PASS-Action<\/h2><h6><\/h6><\/div>\n\t<div class=\"wpb_text_column wpb_content_element \" >\n\t\t<div class=\"wpb_wrapper\">\n\t\t\t<p>Il s\u2019agit d\u2019un Programme d\u2019Aide et d\u2019Accompagnement Social d\u2019Emploi-Qu\u00e9bec qui vise \u00e0 int\u00e9grer socialement et professionnellement des personnes exclues du march\u00e9 du travail depuis plusieurs ann\u00e9es ou ayant des contraintes s\u00e9v\u00e8res \u00e0 l\u2019emploi, par un accompagnement collectif et individuel, adapt\u00e9 aux besoins. Six postes sont disponibles en permanence et sont r\u00e9mun\u00e9r\u00e9s \u00e0 raison d\u2019une allocation de 130$ qui n\u2019a aucun impact sur les prestations de base d\u2019aide sociale ou de solidarit\u00e9 sociale du participant. Le remboursement des frais de d\u00e9placement ou de la passe d\u2019autobus est offert sous certaines conditions (\u00e0 voir avec un agent).<\/p>\n<p>Un minimum de 20 heures\/semaine est exig\u00e9.<\/p>\n<p>D\u00e9partements (selon la disponibilit\u00e9)<\/p>\n<ul>\n<li>Tri alimentaire<\/li>\n<li>Cuisine<\/li>\n<li>Carrefour des Aubaines<\/li>\n<\/ul>\n<p>Pour \u00eatre admissible \u00e0 ce programme, cette client\u00e8le doit \u00eatre r\u00e9f\u00e9r\u00e9e par un agent d\u2019Emploi Qu\u00e9bec.<\/p>\n\n\t\t<\/div>\n\t<\/div>\n<\/div><\/div><\/div><div class=\"wpb_column vc_column_container vc_col-sm-12\"><div class=\"vc_column-inner \"><div class=\"wpb_wrapper\"><\/div><\/div><\/div><\/div><div class=\"vc_row wpb_row vc_row-fluid\"><div class=\"wpb_column vc_column_container vc_col-sm-6\"><div class=\"vc_column-inner \"><div class=\"wpb_wrapper\"><\/div><\/div><\/div><div class=\"wpb_column vc_column_container vc_col-sm-6\"><div class=\"vc_column-inner \"><div class=\"wpb_wrapper\"><\/div><\/div><\/div><\/div><div class=\"vc_row wpb_row vc_row-fluid\"><div class=\"wpb_column vc_column_container vc_col-sm-6\"><div class=\"vc_column-inner \"><div class=\"wpb_wrapper\"><div class='dt-sc-title script-with-sub-title '><h3>Stages<\/h3><h3><\/h3><\/div>\n\t<div class=\"wpb_text_column wpb_content_element \" >\n\t\t<div class=\"wpb_wrapper\">\n\t\t\t<p>Le stage en milieu de travail permet d\u00e9velopper les comp\u00e9tences qui vous permettront de trouver un emploi et de cheminer vers l&#8217;int\u00e9gration socioprofessionnelle.<\/p>\n\n\t\t<\/div>\n\t<\/div>\n<\/div><\/div><\/div><div class=\"wpb_column vc_column_container vc_col-sm-6\"><div class=\"vc_column-inner \"><div class=\"wpb_wrapper\"><div class='dt-sc-title script-with-sub-title '><h3>Subvention salariale<\/h3><h3><\/h3><\/div>\n\t<div class=\"wpb_text_column wpb_content_element \" >\n\t\t<div class=\"wpb_wrapper\">\n\t\t\t<p>La <a href=\"https:\/\/www.emploiquebec.gouv.qc.ca\/entreprises\/recruter\/aide-financiere-a-lembauche\/\" target=\"_blank\" rel=\"noopener\">subvention salariale<\/a> est une aide financi\u00e8re qui permet de couvrir une partie du salaire de l\u2019employ\u00e9 par Emploi Qu\u00e9bec. Il s&#8217;adresse aux personnes ayant des difficult\u00e9s d\u2019int\u00e9gration au march\u00e9 du travail. Les candidats doivent v\u00e9rifier leur admissibilit\u00e9 au programme aupr\u00e8s de leur bureau de Service Qu\u00e9bec ou contacter le centre local pour l&#8217;emploi (CLE) de son secteur.<\/p>\n\n\t\t<\/div>\n\t<\/div>\n<\/div><\/div><\/div><\/div><div class=\"vc_row wpb_row vc_row-fluid\"><div class=\"wpb_column vc_column_container vc_col-sm-12\"><div class=\"vc_column-inner \"><div class=\"wpb_wrapper\"><\/div><\/div><\/div><div class=\"wpb_column vc_column_container vc_col-sm-12\"><div class=\"vc_column-inner \"><div class=\"wpb_wrapper\"><div class='dt-sc-contact-info type2 '><h6>Plus d'information<\/h6><ul>\n<li>Travaux compensatoire, Travaux communautaires, Mesures jeunesse : Contactez Mme Laura Nunez 450-668-8727 poste 130<\/li>\n<li>PAAS Action : Contactez Mme Alejandra Ortiz 450-668-8727 poste 260<\/li>\n<li>Stages : Contactez Mme Laura Nunez 450-668-8727 poste 130<\/li>\n<li>Subvention salariale : Contactez Mme Ramona Gutu 450-668-8727 poste 260<\/li>\n<\/ul><\/div><\/div><\/div><\/div><\/div>\n","protected":false},"excerpt":{"rendered":"R\u00e9insertion socialeLe programme de r\u00e9insertion sociale permet aux personnes en situation\u00a0vuln\u00e9rabilit\u00e9 d\u2019accro\u00eetre leurs comp\u00e9tences tout en aidant leur communaut\u00e9. Ces individus requi\u00e8rent des suivis, de l\u2019accompagnement et des formations. Selon [...]","protected":false},"author":3,"featured_media":0,"parent":8321,"menu_order":0,"comment_status":"closed","ping_status":"closed","template":"","meta":{"footnotes":""},"class_list":["post-9678","page","type-page","status-publish","hentry"],"jetpack_sharing_enabled":true,"_links":{"self":[{"href":"https:\/\/relais-communautaire.org\/page\/wp-json\/wp\/v2\/pages\/9678","targetHints":{"allow":["GET"]}}],"collection":[{"href":"https:\/\/relais-communautaire.org\/page\/wp-json\/wp\/v2\/pages"}],"about":[{"href":"https:\/\/relais-communautaire.org\/page\/wp-json\/wp\/v2\/types\/page"}],"author":[{"embeddable":true,"href":"https:\/\/relais-communautaire.org\/page\/wp-json\/wp\/v2\/users\/3"}],"replies":[{"embeddable":true,"href":"https:\/\/relais-communautaire.org\/page\/wp-json\/wp\/v2\/comments?post=9678"}],"version-history":[{"count":5,"href":"https:\/\/relais-communautaire.org\/page\/wp-json\/wp\/v2\/pages\/9678\/revisions"}],"predecessor-version":[{"id":14008,"href":"https:\/\/relais-communautaire.org\/page\/wp-json\/wp\/v2\/pages\/9678\/revisions\/14008"}],"up":[{"embeddable":true,"href":"https:\/\/relais-communautaire.org\/page\/wp-json\/wp\/v2\/pages\/8321"}],"wp:attachment":[{"href":"https:\/\/relais-communautaire.org\/page\/wp-json\/wp\/v2\/media?parent=9678"}],"curies":[{"name":"wp","href":"https:\/\/api.w.org\/{rel}","templated":true}]}}