{"id":9728,"date":"2017-08-28T22:10:53","date_gmt":"2017-08-28T21:10:53","guid":{"rendered":"http:\/\/relais-communautaire.org\/page\/?page_id=9728"},"modified":"2025-08-20T14:34:46","modified_gmt":"2025-08-20T18:34:46","slug":"faire-un-don","status":"publish","type":"page","link":"https:\/\/relais-communautaire.org\/page\/impliquez-vous\/faire-un-don\/","title":{"rendered":"Faire un don"},"content":{"rendered":"<div class=\"vc_row wpb_row vc_row-fluid\"><div class=\"wpb_column vc_column_container vc_col-sm-12\"><div class=\"vc_column-inner \"><div class=\"wpb_wrapper\"><section class=\"vc_cta3-container\"><div class=\"vc_general vc_cta3 vc_cta3-style-classic vc_cta3-shape-rounded vc_cta3-align-left vc_cta3-color-classic vc_cta3-icon-size-md\"><div class=\"vc_cta3_content-container\"><div class=\"vc_cta3-content\"><header class=\"vc_cta3-content-header\"><h1 style=\"color: #24a572;text-align: left;font-family:Montserrat;font-weight:400;font-style:normal\" class=\"vc_custom_heading\">\ud83e\udd1d Amis du Relais<\/h1><h4>Chaque geste compte ! <\/h4><\/header><p data-start=\"278\" data-end=\"315\"><strong data-start=\"278\" data-end=\"313\">Pourquoi devenir Ami du Relais?<\/strong><\/p>\n<ul>\n<li data-start=\"318\" data-end=\"389\">Pour contribuer \u00e0 la lutte contre la pauvret\u00e9 et l\u2019exclusion sociale.<\/li>\n<li data-start=\"318\" data-end=\"389\">Pour soutenir la r\u00e9insertion socio-professionnelle et l\u2019autonomie des personnes.<\/li>\n<\/ul>\n<p data-start=\"476\" data-end=\"569\"><strong data-start=\"476\" data-end=\"507\">Comment soutenir le Relais?<\/strong><br data-start=\"507\" data-end=\"510\" \/>En faisant un don en argent \u2014 chaque contribution compte !<\/p>\n<p data-start=\"571\" data-end=\"633\">Vous pouvez choisir la cause qui vous tient le plus \u00e0 c\u0153ur :<\/p>\n<ul>\n<li data-start=\"636\" data-end=\"670\"><span style=\"color: #008000;\"><strong data-start=\"636\" data-end=\"668\">Soutien \u00e0 la mission globale<\/strong><\/span><\/li>\n<li data-start=\"636\" data-end=\"670\"><span style=\"color: #008000;\"><strong data-start=\"673\" data-end=\"702\">Lutte contre l\u2019itin\u00e9rance<\/strong><\/span><\/li>\n<li data-start=\"636\" data-end=\"670\"><span style=\"color: #008000;\"><strong data-start=\"707\" data-end=\"731\">S\u00e9curit\u00e9 alimentaire<\/strong><\/span><\/li>\n<li data-start=\"636\" data-end=\"670\"><span style=\"color: #008000;\"><strong data-start=\"736\" data-end=\"756\">La Magie de No\u00ebl<\/strong><\/span><\/li>\n<li data-start=\"636\" data-end=\"670\"><span style=\"color: #008000;\"><strong data-start=\"761\" data-end=\"770\">Autre<\/strong><\/span> (veuillez s\u2019il vous pla\u00eet pr\u00e9ciser votre intention dans la bo\u00eete de <em>message priv\u00e9<\/em>)<\/li>\n<\/ul>\n<p data-start=\"857\" data-end=\"968\">Chaque don de plus de 25 $ donne droit \u00e0 un re\u00e7u officiel pour fins d\u2019imp\u00f4t (nous sommes un organisme de charit\u00e9 enregistr\u00e9).<\/p>\n<p data-start=\"970\" data-end=\"1275\">\ud83d\udc49 Un don mensuel vous permet d\u2019\u00e9taler votre contribution sur 12 mois et nous aide \u00e0 planifier des revenus stables.<br data-start=\"1085\" data-end=\"1088\" \/>\ud83d\udc49 Peu importe la formule choisie, vous recevrez chaque ann\u00e9e un rapport transparent sur nos finances et les projets r\u00e9alis\u00e9s \u2014 pour constater concr\u00e8tement l\u2019impact de votre g\u00e9n\u00e9rosit\u00e9.<\/p>\n<\/div><\/div><\/div><\/section><\/div><\/div><\/div><\/div><div class=\"vc_row wpb_row vc_row-fluid\"><div class=\"wpb_column vc_column_container vc_col-sm-12\"><div class=\"vc_column-inner \"><div class=\"wpb_wrapper\">\n\t<div class=\"wpb_text_column wpb_content_element \" >\n\t\t<div class=\"wpb_wrapper\">\n\t\t\t<p><script id=\"ch_cdn_embed\" type=\"text\/javascript\" data-page-id=\"32282\" data-cfasync=\"false\" src=\"https:\/\/www.canadahelps.org\/services\/wa\/js\/apps\/donatenow\/embed.min.js\" data-language=\"fr\"><\/script><\/p>\n\n\t\t<\/div>\n\t<\/div>\n<\/div><\/div><\/div><\/div>\n","protected":false},"excerpt":{"rendered":"\ud83e\udd1d Amis du RelaisChaque geste compte ! Pourquoi devenir Ami du Relais? Pour contribuer \u00e0 la lutte contre la pauvret\u00e9 et l\u2019exclusion sociale. Pour soutenir la r\u00e9insertion socio-professionnelle et l\u2019autonomie [...]","protected":false},"author":3,"featured_media":0,"parent":9693,"menu_order":0,"comment_status":"closed","ping_status":"closed","template":"","meta":{"footnotes":""},"class_list":["post-9728","page","type-page","status-publish","hentry"],"jetpack_sharing_enabled":true,"_links":{"self":[{"href":"https:\/\/relais-communautaire.org\/page\/wp-json\/wp\/v2\/pages\/9728","targetHints":{"allow":["GET"]}}],"collection":[{"href":"https:\/\/relais-communautaire.org\/page\/wp-json\/wp\/v2\/pages"}],"about":[{"href":"https:\/\/relais-communautaire.org\/page\/wp-json\/wp\/v2\/types\/page"}],"author":[{"embeddable":true,"href":"https:\/\/relais-communautaire.org\/page\/wp-json\/wp\/v2\/users\/3"}],"replies":[{"embeddable":true,"href":"https:\/\/relais-communautaire.org\/page\/wp-json\/wp\/v2\/comments?post=9728"}],"version-history":[{"count":1,"href":"https:\/\/relais-communautaire.org\/page\/wp-json\/wp\/v2\/pages\/9728\/revisions"}],"predecessor-version":[{"id":14529,"href":"https:\/\/relais-communautaire.org\/page\/wp-json\/wp\/v2\/pages\/9728\/revisions\/14529"}],"up":[{"embeddable":true,"href":"https:\/\/relais-communautaire.org\/page\/wp-json\/wp\/v2\/pages\/9693"}],"wp:attachment":[{"href":"https:\/\/relais-communautaire.org\/page\/wp-json\/wp\/v2\/media?parent=9728"}],"curies":[{"name":"wp","href":"https:\/\/api.w.org\/{rel}","templated":true}]}}