{"id":9733,"date":"2017-08-28T22:12:47","date_gmt":"2017-08-28T21:12:47","guid":{"rendered":"http:\/\/relais-communautaire.org\/page\/?page_id=9733"},"modified":"2023-07-19T14:28:40","modified_gmt":"2023-07-19T18:28:40","slug":"stagiaires","status":"publish","type":"page","link":"https:\/\/relais-communautaire.org\/page\/impliquez-vous\/stagiaires\/","title":{"rendered":"Stagiaires"},"content":{"rendered":"<div class=\"vc_row wpb_row vc_row-fluid\"><div class=\"wpb_column vc_column_container vc_col-sm-12\"><div class=\"vc_column-inner \"><div class=\"wpb_wrapper\">\n\t<div class=\"wpb_text_column wpb_content_element \" >\n\t\t<div class=\"wpb_wrapper\">\n\t\t\t<p><span class=\"fontstyle0\">Effectuer un stage au Relais permet aux participants jeunes et moins jeunes de :<\/span><\/p>\n<ul style=\"list-style-type: disc;\">\n<li><span class=\"fontstyle0\">acqu\u00e9rir pour certains, une premi\u00e8re exp\u00e9rience de travail ;<\/span><\/li>\n<li><span class=\"fontstyle0\">apprendre \u00e0 conna\u00eetre le milieu communautaire et ses ressources offertes dans sa localit\u00e9 ;<\/span><\/li>\n<li><span class=\"fontstyle0\">appliquer les connaissances th\u00e9oriques acquises \u00e0 l\u2019institution et de les mettre en pratique dans le cadre d&#8217;un contexte\u00a0 r\u00e9el. Plusieurs stagiaires ont t\u00e9moign\u00e9 avoir grandement appr\u00e9ci\u00e9 ce passage de la th\u00e9orie \u00e0 la pratique. <\/span><\/li>\n<li><span class=\"fontstyle0\">mettre en pratique des notions de comptabilit\u00e9 et administratives (clinique d\u2019imp\u00f4t, classement, entr\u00e9es de donn\u00e9es&#8230; etc.);<\/span><\/li>\n<li><span class=\"fontstyle0\">appliquer les connaissances en s\u00e9curit\u00e9 alimentaire (MAPAQ) et service \u00e0 la client\u00e8le (tri alimentaire, cuisine et Carrefour des Aubaines);<\/span><\/li>\n<li><span class=\"fontstyle0\">cr\u00e9er une ouverture d\u2019esprit pour les futurs intervenants, leur permettant de lutter contre leurs propres pr\u00e9jug\u00e9s et pr\u00e9somptions que chacun porte en eux. Ce qui leur permettra dans l\u2019avenir d\u2019intervenir de fa\u00e7on ad\u00e9quate tout en faisant fi de leurs limites. <\/span><\/li>\n<\/ul>\n<p><span class=\"fontstyle0\">La collaboration avec les institutions scolaires nous permet d\u2019offrir aux \u00e9tudiantes et aux \u00e9tudiants une exp\u00e9rience dans un milieu de travail et de d\u00e9velopper des habilit\u00e9s transf\u00e9rables \u00e0 leur futur emploi.<\/span><\/p>\n<p><span class=\"fontstyle0\">Au cours de l\u2019ann\u00e9e <strong>2022-2023<\/strong>, le Relais a accueilli <strong>26<\/strong>\u00a0stagiaires dans ses diff\u00e9rents d\u00e9partements.<\/span><\/p>\n<p><span class=\"fontstyle0\"><br \/>\nPour certains d\u2019entre eux, des mesures d\u2019accompagnement et d\u2019encadrement par des \u00e9ducateurs\/\u00e9ducatrices externes ont permis de r\u00e9pondre \u00e0 leurs besoins particuliers et d&#8217;assurer un service de qualit\u00e9 pour nos membres.<\/span><\/p>\n<p><img loading=\"lazy\" decoding=\"async\" class=\"hoverZoomLink aligncenter wp-image-12282 size-large\" src=\"https:\/\/relais-communautaire.org\/page\/wp-content\/uploads\/2020\/03\/Diner-nouvel-an1-1024x683.jpg\" alt=\"Stagiaires\" width=\"1024\" height=\"683\" srcset=\"https:\/\/relais-communautaire.org\/page\/wp-content\/uploads\/2020\/03\/Diner-nouvel-an1-1024x683.jpg 1024w, https:\/\/relais-communautaire.org\/page\/wp-content\/uploads\/2020\/03\/Diner-nouvel-an1-300x200.jpg 300w, https:\/\/relais-communautaire.org\/page\/wp-content\/uploads\/2020\/03\/Diner-nouvel-an1-768x512.jpg 768w, https:\/\/relais-communautaire.org\/page\/wp-content\/uploads\/2020\/03\/Diner-nouvel-an1-1536x1024.jpg 1536w, https:\/\/relais-communautaire.org\/page\/wp-content\/uploads\/2020\/03\/Diner-nouvel-an1.jpg 1920w\" sizes=\"auto, (max-width: 1024px) 100vw, 1024px\" \/><\/p>\n<div id=\"hzImg\" style=\"border: 1px solid #ffffff; line-height: 0; overflow: hidden; padding: 2px; margin: 0px; position: absolute; z-index: 2147483647; border-radius: 3px; box-shadow: rgba(0, 0, 0, 0.33) 3px 3px 9px 5px; opacity: 1; top: 872px; left: 301px; background-color: #ffffff; cursor: pointer; pointer-events: none; display: none;\"><\/div>\n<div id=\"hzImg\" style=\"border: 1px solid #ffffff; line-height: 0; overflow: hidden; padding: 2px; margin: 0px; position: absolute; z-index: 2147483647; border-radius: 3px; box-shadow: rgba(0, 0, 0, 0.33) 3px 3px 9px 5px; opacity: 1; top: 521px; left: 430px; background-color: #ffffff; cursor: pointer; pointer-events: none; display: none;\"><\/div>\n\n\t\t<\/div>\n\t<\/div>\n<\/div><\/div><\/div><\/div><div class=\"vc_row wpb_row vc_row-fluid\"><div class=\"wpb_column vc_column_container vc_col-sm-12\"><div class=\"vc_column-inner \"><div class=\"wpb_wrapper\"><div class=\"uavc-list-icon uavc-list-icon-wrapper ult-adjust-bottom-margin   \"><ul class=\"uavc-list\"><\/ul><\/div><\/div><\/div><\/div><\/div>\n","protected":false},"excerpt":{"rendered":"Effectuer un stage au Relais permet aux participants jeunes et moins jeunes de : acqu\u00e9rir pour certains, une premi\u00e8re exp\u00e9rience de travail ; apprendre \u00e0 conna\u00eetre le milieu communautaire et [...]","protected":false},"author":3,"featured_media":9838,"parent":9693,"menu_order":2,"comment_status":"closed","ping_status":"closed","template":"","meta":{"footnotes":""},"class_list":["post-9733","page","type-page","status-publish","has-post-thumbnail","hentry"],"jetpack_sharing_enabled":true,"_links":{"self":[{"href":"https:\/\/relais-communautaire.org\/page\/wp-json\/wp\/v2\/pages\/9733","targetHints":{"allow":["GET"]}}],"collection":[{"href":"https:\/\/relais-communautaire.org\/page\/wp-json\/wp\/v2\/pages"}],"about":[{"href":"https:\/\/relais-communautaire.org\/page\/wp-json\/wp\/v2\/types\/page"}],"author":[{"embeddable":true,"href":"https:\/\/relais-communautaire.org\/page\/wp-json\/wp\/v2\/users\/3"}],"replies":[{"embeddable":true,"href":"https:\/\/relais-communautaire.org\/page\/wp-json\/wp\/v2\/comments?post=9733"}],"version-history":[{"count":4,"href":"https:\/\/relais-communautaire.org\/page\/wp-json\/wp\/v2\/pages\/9733\/revisions"}],"predecessor-version":[{"id":13776,"href":"https:\/\/relais-communautaire.org\/page\/wp-json\/wp\/v2\/pages\/9733\/revisions\/13776"}],"up":[{"embeddable":true,"href":"https:\/\/relais-communautaire.org\/page\/wp-json\/wp\/v2\/pages\/9693"}],"wp:featuredmedia":[{"embeddable":true,"href":"https:\/\/relais-communautaire.org\/page\/wp-json\/wp\/v2\/media\/9838"}],"wp:attachment":[{"href":"https:\/\/relais-communautaire.org\/page\/wp-json\/wp\/v2\/media?parent=9733"}],"curies":[{"name":"wp","href":"https:\/\/api.w.org\/{rel}","templated":true}]}}