{"id":9736,"date":"2017-08-28T22:13:41","date_gmt":"2017-08-28T21:13:41","guid":{"rendered":"http:\/\/relais-communautaire.org\/page\/?page_id=9736"},"modified":"2019-08-23T16:14:43","modified_gmt":"2019-08-23T20:14:43","slug":"partenariat","status":"publish","type":"page","link":"https:\/\/relais-communautaire.org\/page\/impliquez-vous\/partenariat\/","title":{"rendered":"Partenariat"},"content":{"rendered":"<div class=\"vc_row wpb_row vc_row-fluid\"><div class=\"wpb_column vc_column_container vc_col-sm-12\"><div class=\"vc_column-inner \"><div class=\"wpb_wrapper\"><div class='dt-sc-title script-with-sub-title '><h2>Un grand merci \u00e0 tous nos partenaires<\/h2><h3><\/h3><\/div><div class=\"vc_wp_text wpb_content_element\"><div class=\"widget widget_text\">\t\t\t<div class=\"textwidget\"><p>Nous avons d\u00e9fini plusieurs types de partenariats nous permettant de r\u00e9pondre \u00e0 la mission dans les diff\u00e9rents secteurs d\u2019activit\u00e9s du Relais. Les actions et l\u2019implication des diff\u00e9rents acteurs sociaux ont permis d\u2019offrir un vaste inventaire de services de qualit\u00e9 et r\u00e9pondant aux besoins des personnes vivant en situation de grande vuln\u00e9rabilit\u00e9. Sans l\u2019apport de nos pr\u00e9cieux partenaires, nous serions dans l\u2019impossibilit\u00e9 d\u2019offrir ces services.<\/p>\n<\/div>\n\t\t<\/div><\/div><\/div><\/div><\/div><\/div><div class=\"vc_row wpb_row vc_row-fluid\"><div class=\"wpb_column vc_column_container vc_col-sm-12\"><div class=\"vc_column-inner \"><div class=\"wpb_wrapper\"><div class=\"vc_tta-container\" data-vc-action=\"collapse\"><div class=\"vc_general vc_tta vc_tta-tabs vc_tta-color-grey vc_tta-style-classic vc_tta-shape-rounded vc_tta-spacing-1 vc_tta-tabs-position-left vc_tta-controls-align-left \"><div class=\"vc_tta-tabs-container\"><ul class=\"vc_tta-tabs-list\"><li class=\"vc_tta-tab vc_active\" data-vc-tab><a href=\"#1504318140641-dc0e9186-0484\" data-vc-tabs data-vc-container=\".vc_tta\"><i class=\"vc_tta-icon fa fa-archive\"><\/i><span class=\"vc_tta-title-text\">Carrefour des Aubaines<\/span><\/a><\/li><li class=\"vc_tta-tab\" data-vc-tab><a href=\"#1504318140642-98b0db48-44da\" data-vc-tabs data-vc-container=\".vc_tta\"><i class=\"vc_tta-icon fa fa-cutlery\"><\/i><span class=\"vc_tta-title-text\">Centre de jour<\/span><\/a><\/li><li class=\"vc_tta-tab\" data-vc-tab><a href=\"#1504318283121-e436ad46-eb0c\" data-vc-tabs data-vc-container=\".vc_tta\"><i class=\"vc_tta-icon fa fa-crosshairs\"><\/i><span class=\"vc_tta-title-text\">Interventions \/ consultations<\/span><\/a><\/li><li class=\"vc_tta-tab\" data-vc-tab><a href=\"#1504318446524-d1e95679-5fc0\" data-vc-tabs data-vc-container=\".vc_tta\"><i class=\"vc_tta-icon fa fa-sign-language\"><\/i><span class=\"vc_tta-title-text\">Immigration<\/span><\/a><\/li><li class=\"vc_tta-tab\" data-vc-tab><a href=\"#1504318553702-7474efa6-0459\" data-vc-tabs data-vc-container=\".vc_tta\"><i class=\"vc_tta-icon vc-oi vc-oi-heart\"><\/i><span class=\"vc_tta-title-text\">B\u00e9n\u00e9volat et stage<\/span><\/a><\/li><li class=\"vc_tta-tab\" data-vc-tab><a href=\"#1504318655530-7120e939-b5d6\" data-vc-tabs data-vc-container=\".vc_tta\"><i class=\"vc_tta-icon vc-oi vc-oi-wrench\"><\/i><span class=\"vc_tta-title-text\">Programmes de r\u00e9insertion sociale et en emploi<\/span><\/a><\/li><\/ul><\/div><div class=\"vc_tta-panels-container\"><div class=\"vc_tta-panels\"><div class=\"vc_tta-panel vc_active\" id=\"1504318140641-dc0e9186-0484\" data-vc-content=\".vc_tta-panel-body\"><div class=\"vc_tta-panel-heading\"><h4 class=\"vc_tta-panel-title\"><a href=\"#1504318140641-dc0e9186-0484\" data-vc-accordion data-vc-container=\".vc_tta-container\"><i class=\"vc_tta-icon fa fa-archive\"><\/i><span class=\"vc_tta-title-text\">Carrefour des Aubaines<\/span><\/a><\/h4><\/div><div class=\"vc_tta-panel-body\"><ul class='dt-sc-fancy-list   arrow'>\n<li>Textil&#8217;Art : recyclage des v\u00eatements non vendus<\/li>\n<li>Centre de b\u00e9n\u00e9volat de Laval : programmes de travaux compensatoires<\/li>\n<li>Fondation des Grands Fr\u00e8res et Grandes S\u0153urs: cloches de v\u00eatements<\/li>\n<li>H\u00f4tel Hampton : don de meubles<\/li>\n<\/ul><\/div><\/div><div class=\"vc_tta-panel\" id=\"1504318140642-98b0db48-44da\" data-vc-content=\".vc_tta-panel-body\"><div class=\"vc_tta-panel-heading\"><h4 class=\"vc_tta-panel-title\"><a href=\"#1504318140642-98b0db48-44da\" data-vc-accordion data-vc-container=\".vc_tta-container\"><i class=\"vc_tta-icon fa fa-cutlery\"><\/i><span class=\"vc_tta-title-text\">Centre de jour<\/span><\/a><\/h4><\/div><div class=\"vc_tta-panel-body\"><div class='dt-sc-toggle-group-set  '><div class=\"dt-sc-toggle-frame\">\t<h5 class='dt-sc-toggle'><a href='#'>Kiosques interactifs<\/a><\/h5>\t<div class=\"dt-sc-toggle-content\" style=\"display: none;\">\t\t<div class=\"block\"><ul>\n<li>ACEF Laval<\/li>\n<li>Alcooliques Anonymes<\/li>\n<li>ATMPR<\/li>\n<li>Bouclier d\u2019Ath\u00e9na<\/li>\n<li>Carrefour interculturel de Laval<\/li>\n<li>Centre Communautaire Coumbite de Laval<\/li>\n<li>Centre d\u2019assistance et d\u2019accompagnement des plaintes aux services de sant\u00e9 et des Services sociaux (CAAP Laval)<\/li>\n<li>Centre d\u2019implication libre de Laval (CILL)<\/li>\n<li>Centre de b\u00e9n\u00e9volat et Moisson Laval<\/li>\n<li>Centre de formation L\u2019impulsion<\/li>\n<li>Dimension Travail<\/li>\n<li>Dira Laval<\/li>\n<li>\u00c9conologis<\/li>\n<li>\u00c9quipe Itin\u00e9rante du Centre int\u00e9gr\u00e9 de sant\u00e9 et de services sociaux de Laval (CISSS)<\/li>\n<li>Ferme au travail<\/li>\n<li>Groupe Alpha Laval<\/li>\n<li>Groupe Priorit\u00e9 Travail<\/li>\n<li>Jardin de la Famille de Fabreville<\/li>\n<li>L\u2019En-Droit de Laval<\/li>\n<li>Maison des Enfants le Dauphin de Laval<\/li>\n<\/ul>\t\t<\/div>\t<\/div><\/div><div class=\"dt-sc-toggle-frame\">\t<h5 class='dt-sc-toggle'><a href='#'>\u00c9v\u00e9nements sp\u00e9ciaux<\/a><\/h5>\t<div class=\"dt-sc-toggle-content\" style=\"display: none;\">\t\t<div class=\"block\"><p><strong>Nuit des sans-abris <\/strong><\/p>\n<ul>\n<li>Centre de b\u00e9n\u00e9volat de Laval\u00a0: participation au comit\u00e9 organisateur<\/li>\n<li>La Grande Collecte\u00a0: denr\u00e9es alimentaires<\/li>\n<li>R\u00e9seau des organismes et intervenants en itin\u00e9rance de Laval\u00a0<\/li>\n<\/ul>\n<p><strong>Souper de reconnaissance des b\u00e9n\u00e9voles\u00a0<\/strong><\/p>\n<ul>\n<li>Isabelle Morneau\u00a0: chants et animation<\/li>\n<\/ul>\n<p><strong>D\u00eener interculturel<\/strong><\/p>\n<ul>\n<li>Centre Communautaire Coumbite de Laval\u00a0: animation<\/li>\n<li>Revitalisation Urbain Int\u00e9gr\u00e9e (RUI)\u00a0: animation et organisation<\/li>\n<\/ul>\n<p><strong>Halloween<\/strong><\/p>\n<ul>\n<li>Commission canadienne de s\u00fbret\u00e9 nucl\u00e9aire\u00a0: b\u00e9n\u00e9volat<\/li>\n<\/ul>\n<p>&nbsp;<\/p>\t\t<\/div>\t<\/div><\/div><div class=\"dt-sc-toggle-frame\">\t<h5 class='dt-sc-toggle'><a href='#'>Ateliers et autres activit\u00e9s<\/a><\/h5>\t<div class=\"dt-sc-toggle-content\" style=\"display: none;\">\t\t<div class=\"block\"><ul>\n<li>9026-6446 Qu\u00e9bec Inc. (M\u00e9tropolitain)<\/li>\n<li>ACEF de l\u2019\u00cele J\u00e9sus\u00a0: Logement, \u00e9valuation budg\u00e9taire<\/li>\n<li>Articule (avec la formatrice, madame Christiane Joly) : peinture, aquarelle et photographie<\/li>\n<li>Aura Distribution\u00a0: produits pour salon de coiffure<\/li>\n<li>BOFIQ Inc Les Trois Brasseurs<\/li>\n<li>Bonhomme \u00e0 Lunettes : montures et verres correcteurs pour personnes \u00e0 faible revenu<\/li>\n<li>Commission scolaire de Laval\u00a0: Un habit pour un ami<\/li>\n<li>Commission scolaire\u00a0: \u00c9veil \u00e0 la lecture pour enfants de 0-5 ans<\/li>\n<li>Le Spa de la Rue : soins des pieds, r\u00e9flexologie, Reiki et massoth\u00e9rapie<\/li>\n<li>Les Emballages Ralik Packaging<\/li>\n<li>Morris &amp; Rosalind Goodman Family Foundation<\/li>\n<li>Soci\u00e9t\u00e9 immobili\u00e8re Niagara Inc.<\/li>\n<li>Vestiaire de la solidarit\u00e9 de St-Sylvain<\/li>\n<\/ul>\n<p>&nbsp;<\/p>\t\t<\/div>\t<\/div><\/div><\/div><\/div><\/div><div class=\"vc_tta-panel\" id=\"1504318283121-e436ad46-eb0c\" data-vc-content=\".vc_tta-panel-body\"><div class=\"vc_tta-panel-heading\"><h4 class=\"vc_tta-panel-title\"><a href=\"#1504318283121-e436ad46-eb0c\" data-vc-accordion data-vc-container=\".vc_tta-container\"><i class=\"vc_tta-icon fa fa-crosshairs\"><\/i><span class=\"vc_tta-title-text\">Interventions \/ consultations<\/span><\/a><\/h4><\/div><div class=\"vc_tta-panel-body\"><ul class='dt-sc-fancy-list   arrow'>\n<li>ACEF de l\u2019\u00cele J\u00e9sus\u00a0: consultations et r\u00e9f\u00e9rences<\/li>\n<li>Auberge du C\u0153ur l\u2019Envol\u00e9e\u00a0: r\u00e9f\u00e9rences<\/li>\n<li>CAFGRAF\u00a0: r\u00e9f\u00e9rences et interventions en situation de crise<\/li>\n<li>Carrefour interculturel de Laval\u00a0: r\u00e9f\u00e9rences<\/li>\n<li>Commission scolaire de Laval\u00a0: consultations<\/li>\n<li>Coumbite\u00a0: r\u00e9f\u00e9rences<\/li>\n<li>\u00c9quipe itin\u00e9rante du CISSS\u00a0: interventions, \u00e9coute et r\u00e9f\u00e9rences<\/li>\n<li>L\u2019Aviron H\u00e9bergement Communautaire : r\u00e9f\u00e9rences et membres du Conseil d\u2019administration<\/li>\n<li>L\u2019Oasis, Unit\u00e9 Mobile d\u2019Intervention\u00a0: interventions et r\u00e9f\u00e9rences<\/li>\n<li>L\u2019Urgence sociale de Ville de Laval\u00a0: r\u00e9f\u00e9rences et interventions en situation de crise<\/li>\n<li>Maison Dominique\u00a0: r\u00e9f\u00e9rences<\/li>\n<li>Marigot en forme\u00a0: interventions et r\u00e9f\u00e9rences<\/li>\n<li>Soci\u00e9t\u00e9 Communautaire Lavalloise d\u2019Emprunt (SOCLE)\u00a0: r\u00e9f\u00e9rences<\/li>\n<li>Travail de rue de l\u2019\u00cele de Laval (TRILL)\u00a0: r\u00e9f\u00e9rences<\/li>\n<\/ul><\/div><\/div><div class=\"vc_tta-panel\" id=\"1504318446524-d1e95679-5fc0\" data-vc-content=\".vc_tta-panel-body\"><div class=\"vc_tta-panel-heading\"><h4 class=\"vc_tta-panel-title\"><a href=\"#1504318446524-d1e95679-5fc0\" data-vc-accordion data-vc-container=\".vc_tta-container\"><i class=\"vc_tta-icon fa fa-sign-language\"><\/i><span class=\"vc_tta-title-text\">Immigration<\/span><\/a><\/h4><\/div><div class=\"vc_tta-panel-body\"><ul class='dt-sc-fancy-list   arrow'>\n<li>Banque Nationale\u00a0: caf\u00e9s-rencontres<\/li>\n<li>Centre l&#8217;Impulsion\u00a0: caf\u00e9s-rencontres<\/li>\n<li>Comit\u00e9 terrain\u00a0de la Ville de Laval : nouveaux arrivants<\/li>\n<li>Croix Rouge\u00a0: ateliers pour enfants<\/li>\n<li>Educazoo\u00a0: ateliers pour enfants<\/li>\n<li>iMath\u00a0: ateliers pour enfants<\/li>\n<li>Sph\u00e8re (Venus)\u00a0: caf\u00e9s-rencontres<\/li>\n<li>Table de concertation des organismes aux services des r\u00e9fugi\u00e9s et des immigrants\u00a0: atelier<\/li>\n<li>\u00a0<\/li>\n<\/ul><\/div><\/div><div class=\"vc_tta-panel\" id=\"1504318553702-7474efa6-0459\" data-vc-content=\".vc_tta-panel-body\"><div class=\"vc_tta-panel-heading\"><h4 class=\"vc_tta-panel-title\"><a href=\"#1504318553702-7474efa6-0459\" data-vc-accordion data-vc-container=\".vc_tta-container\"><i class=\"vc_tta-icon vc-oi vc-oi-heart\"><\/i><span class=\"vc_tta-title-text\">B\u00e9n\u00e9volat et stage<\/span><\/a><\/h4><\/div><div class=\"vc_tta-panel-body\"><ul class='dt-sc-fancy-list   arrow'>\n<li>Cegep de Saint-Laurent\u00a0: clinique d\u2019imp\u00f4t<\/li>\n<li>Centraide\u00a0: groupe de b\u00e9n\u00e9voles provenant des entreprises<\/li>\n<li>Centre de b\u00e9n\u00e9volat de Laval\u00a0(CBL) : recrutement de b\u00e9n\u00e9voles<\/li>\n<li>Centre de qualification professionnelle et d&#8217;entrepreneuriat de Laval\u00a0: stagiaires<\/li>\n<li>Centre de r\u00e9adaptation en d\u00e9ficience intellectuelle et en trouble envahissant du d\u00e9veloppement\u00a0(CRDITED): insertion des personnes ayant des limitations physiques et\/ou intellectuelles<\/li>\n<li>Coll\u00e8ge Laval\u00a0: \u00e9tudiants b\u00e9n\u00e9voles<\/li>\n<li>Commission scolaire de Laval\u00a0: (Impulsion, Comp\u00e9tences 2000\u2026etc.)\u00a0: stagiaires et b\u00e9n\u00e9voles<\/li>\n<li>\u00c9cole internationale de Laval,\u00a0\u00c9cole Mont-de-la-salle, \u00c9cole Sophie Barat : \u00e9tudiants b\u00e9n\u00e9voles<\/li>\n<li>Universit\u00e9 de Montr\u00e9al : stagiaires prog. sciences infirmi\u00e8res<\/li>\n<li>Universit\u00e9 du Qu\u00e9bec en Outaouais : stage prog. travail social<\/li>\n<\/ul><\/div><\/div><div class=\"vc_tta-panel\" id=\"1504318655530-7120e939-b5d6\" data-vc-content=\".vc_tta-panel-body\"><div class=\"vc_tta-panel-heading\"><h4 class=\"vc_tta-panel-title\"><a href=\"#1504318655530-7120e939-b5d6\" data-vc-accordion data-vc-container=\".vc_tta-container\"><i class=\"vc_tta-icon vc-oi vc-oi-wrench\"><\/i><span class=\"vc_tta-title-text\">Programmes de r\u00e9insertion sociale et en emploi<\/span><\/a><\/h4><\/div><div class=\"vc_tta-panel-body\"><ul class='dt-sc-fancy-list   arrow'>\n<li>Agence de placement du Centre de b\u00e9n\u00e9volat de Laval\u00a0: travaux compensatoires<\/li>\n<li>Carpediem : r\u00e9insertion des personnes vivant en milieu carc\u00e9ral<\/li>\n<li>Centre de r\u00e9adaptation en d\u00e9ficience intellectuelle et en trouble envahissant du d\u00e9veloppement\u00a0(CRDITED) : insertion des personnes ayant des limitations physiques et\/ou intellectuelles<\/li>\n<li>L&#8217;\u00c9TAPE-Laval\u00a0: int\u00e9gration pour personnes ayant une limitation fonctionnelle physique, sensorielle ou intellectuelle<\/li>\n<li>Mesures Alternatives Jeunesse\u00a0: travaux communautaires<\/li>\n<li>Minist\u00e8re de la justice\u00a0: travaux communautaires<\/li>\n<li>Option travail\u00a0: programmes de r\u00e9insertion en emploi<\/li>\n<li>Service Correctionnel Canada\u00a0: r\u00e9insertion des personnes vivant en milieu carc\u00e9ral<\/li>\n<\/ul><\/div><\/div><\/div><\/div><\/div><\/div><\/div><\/div><\/div><\/div>\n","protected":false},"excerpt":{"rendered":"Un grand merci \u00e0 tous nos partenaires Nous avons d\u00e9fini plusieurs types de partenariats nous permettant de r\u00e9pondre \u00e0 la mission dans les diff\u00e9rents secteurs d\u2019activit\u00e9s du Relais. Les actions [...]","protected":false},"author":3,"featured_media":0,"parent":9693,"menu_order":3,"comment_status":"closed","ping_status":"closed","template":"","meta":{"footnotes":""},"class_list":["post-9736","page","type-page","status-publish","hentry"],"jetpack_sharing_enabled":true,"_links":{"self":[{"href":"https:\/\/relais-communautaire.org\/page\/wp-json\/wp\/v2\/pages\/9736","targetHints":{"allow":["GET"]}}],"collection":[{"href":"https:\/\/relais-communautaire.org\/page\/wp-json\/wp\/v2\/pages"}],"about":[{"href":"https:\/\/relais-communautaire.org\/page\/wp-json\/wp\/v2\/types\/page"}],"author":[{"embeddable":true,"href":"https:\/\/relais-communautaire.org\/page\/wp-json\/wp\/v2\/users\/3"}],"replies":[{"embeddable":true,"href":"https:\/\/relais-communautaire.org\/page\/wp-json\/wp\/v2\/comments?post=9736"}],"version-history":[{"count":2,"href":"https:\/\/relais-communautaire.org\/page\/wp-json\/wp\/v2\/pages\/9736\/revisions"}],"predecessor-version":[{"id":12121,"href":"https:\/\/relais-communautaire.org\/page\/wp-json\/wp\/v2\/pages\/9736\/revisions\/12121"}],"up":[{"embeddable":true,"href":"https:\/\/relais-communautaire.org\/page\/wp-json\/wp\/v2\/pages\/9693"}],"wp:attachment":[{"href":"https:\/\/relais-communautaire.org\/page\/wp-json\/wp\/v2\/media?parent=9736"}],"curies":[{"name":"wp","href":"https:\/\/api.w.org\/{rel}","templated":true}]}}